{"id":6491,"date":"2023-11-24T18:13:44","date_gmt":"2023-11-24T18:13:44","guid":{"rendered":"https:\/\/uncover.ces.uc.pt\/?page_id=6491"},"modified":"2025-01-23T09:45:42","modified_gmt":"2025-01-23T09:45:42","slug":"recursos","status":"publish","type":"page","link":"https:\/\/uncover.ces.uc.pt\/en\/recursos\/","title":{"rendered":"Resources"},"content":{"rendered":"<div id=\"fws_69f0367c7dda7\"  data-column-margin=\"default\" data-midnight=\"dark\"  class=\"wpb_row vc_row-fluid vc_row full-width-section parallax_section\"  style=\"padding-top: 225px; padding-bottom: 150px; \"><div class=\"row-bg-wrap\" data-bg-animation=\"zoom-out-slow\" data-bg-animation-delay=\"\" data-bg-overlay=\"true\"><div class=\"inner-wrap row-bg-layer using-image\" ><div class=\"row-bg viewport-desktop using-image\" data-parallax-speed=\"slow\" style=\"background-image: url(https:\/\/uncover.ces.uc.pt\/wp-content\/uploads\/2024\/01\/imagem-recursos.jpg); background-position: center center; background-repeat: no-repeat; \"><\/div><\/div><div class=\"row-bg-overlay row-bg-layer\" style=\"background: #000000; background: linear-gradient(to bottom,#000000 0%,#1c3f8c 100%);  opacity: 0.8; \"><\/div><\/div><div class=\"row_col_wrap_12 col span_12 dark left\">\n\t<div  class=\"vc_col-sm-12 wpb_column column_container vc_column_container col no-extra-padding inherit_tablet inherit_phone\"  data-padding-pos=\"all\" data-has-bg-color=\"false\" data-bg-color=\"\" data-bg-opacity=\"1\" data-animation=\"\" data-delay=\"0\" >\n\t\t<div class=\"vc_column-inner\" >\n\t\t\t<div class=\"wpb_wrapper\">\n\t\t\t\t\n<div class=\"wpb_text_column wpb_content_element  wpb_animate_when_almost_visible wpb_fadeInUp fadeInUp\" >\n\t<div class=\"wpb_wrapper\">\n\t\t<h1 style=\"text-align: center; color: white !important;\">Resources<\/h1>\n\t<\/div>\n<\/div>\n\n\n\n<div class=\"divider-wrap\" data-alignment=\"center\"><div style=\"margin-top: 37.5px; width: 20%; height: 5px; margin-bottom: 37.5px;\" data-width=\"20%\" data-animate=\"yes\" data-animation-delay=\"\" data-color=\"extra-color-gradient-2\" class=\"divider-small-border\"><\/div><\/div>\n\t\t\t<\/div> \n\t\t<\/div>\n\t<\/div> \n<\/div><\/div>\n\t\t<div id=\"fws_69f0367c7e380\"  data-column-margin=\"default\" data-midnight=\"dark\"  class=\"wpb_row vc_row-fluid vc_row full-width-section\"  style=\"padding-top: 100px; padding-bottom: 100px; \"><div class=\"row-bg-wrap\" data-bg-animation=\"none\" data-bg-animation-delay=\"\" data-bg-overlay=\"true\"><div class=\"inner-wrap row-bg-layer\" ><div class=\"row-bg viewport-desktop\"  style=\"\"><\/div><\/div><div class=\"row-bg-overlay row-bg-layer\" style=\"background-color:#ffffff;  opacity: 0.8; \"><\/div><\/div><div class=\"row_col_wrap_12 col span_12 dark left\">\n\t<div  class=\"vc_col-sm-12 wpb_column column_container vc_column_container col has-animation no-extra-padding inherit_tablet inherit_phone\"  data-padding-pos=\"all\" data-has-bg-color=\"false\" data-bg-color=\"\" data-bg-opacity=\"1\" data-animation=\"reveal-from-left\" data-delay=\"0\" >\n\t\t<div class=\"vc_column-inner\" >\n\t\t\t<div class=\"wpb_wrapper\">\n\t\t\t\t\n<div class=\"wpb_text_column wpb_content_element\" >\n\t<div class=\"wpb_wrapper\">\n\t\t<p><b>Quebrar o Sil\u00eancio<\/b> \u2013 specialized support for men and boys survivors of violence and sexual abuse<\/p>\n<p>\ud83c\udf10 <a href=\"https:\/\/www.quebrarosilencio.pt\/\">https:\/\/www.quebrarosilencio.pt\/<\/a><\/p>\n<p>\ud83d\udcf1 910 846 589<\/p>\n<p>\ud83d\udce7 <a href=\"mailto:apoio@quebrarosilencio.pt\">apoio@quebrarosilencio.pt<\/a><\/p>\n<p><span id=\"copy-emoji\" class=\"efont\">\ud83d\udcd8<\/span>\u00a0<a href=\"https:\/\/guiaocs.com\/\">Guias com recomenda\u00e7\u00f5es para a comunica\u00e7\u00e3o social<\/a><\/p>\n<p><span id=\"copy-emoji\" class=\"efont\">\ud83d\udcd8<\/span> <a href=\"https:\/\/www.quebrarosilencio.pt\/wp-content\/uploads\/2024\/12\/reflexoes-sobre-violencia-sexual-contra-homens-e-rapazes.pdf\">Livro digital sobre viol\u00eancia sexual contra homens e rapazes<\/a><\/p>\n<p>&nbsp;<\/p>\n<p><b>Safe Internet Line (coordinator of the Portuguese Victim Support Association)\u00a0<\/b><\/p>\n<p>\ud83c\udf10 <a href=\"https:\/\/apav.pt\/cibercrime\/index.php\/linha-internet-segura\">https:\/\/apav.pt\/cibercrime\/index.php\/linha-internet-segura<\/a><\/p>\n<p>Form for <a href=\"https:\/\/www.internetsegura.pt\/lis\/pedir-esclarecimento\">request a clarification<\/a><\/p>\n<p>\ud83d\udcde 800 21 90 90<\/p>\n<p>\ud83d\udce7 linhainternetsegura@apav.pt<\/p>\n<p>&nbsp;<\/p>\n<p><strong>Association of Women Against Violence<\/strong><\/p>\n<p>\ud83c\udf10 <a href=\"https:\/\/www.amcv.org.pt\/\">https:\/\/www.amcv.org.pt\/<\/a><\/p>\n<p>&nbsp;<\/p>\n<p><strong><span id=\"copy-emoji\" class=\"efont\">Changing the Narrative on Rape | End Violence Against Women<\/span><\/strong><\/p>\n<p><span id=\"copy-emoji\" class=\"efont\">\ud83d\udcd8<\/span><a href=\"https:\/\/www.endviolenceagainstwomen.org.uk\/wp-content\/uploads\/2024\/09\/FINAL-RESOURCE-REPORTING-ON-RAPE.pdf\"> Report on Rape<\/a><\/p>\n<p>&nbsp;<\/p>\n<p>&nbsp;<\/p>\n\t<\/div>\n<\/div>\n\n\n\n\n<div class=\"wpb_text_column wpb_content_element\" >\n\t<div class=\"wpb_wrapper\">\n\t\t\t<\/div>\n<\/div>\n\n\n\n\n\t\t\t<\/div> \n\t\t<\/div>\n\t<\/div> \n<\/div><\/div>","protected":false},"excerpt":{"rendered":"Recursos Quebrar o Sil\u00eancio - apoio especializado a homens e rapazes sobreviventes de viol\u00eancia e abuso sexual \ud83c\udf10 https:\/\/www.quebrarosilencio.pt\/ \ud83d\udcf1 910 846 589 \ud83d\udce7 apoio@quebrarosilencio.pt \ud83d\udcd8\u00a0Guias com recomenda\u00e7\u00f5es para a...","protected":false},"author":2,"featured_media":0,"parent":0,"menu_order":0,"comment_status":"closed","ping_status":"closed","template":"","meta":{"footnotes":""},"class_list":["post-6491","page","type-page","status-publish"],"_links":{"self":[{"href":"https:\/\/uncover.ces.uc.pt\/en\/wp-json\/wp\/v2\/pages\/6491","targetHints":{"allow":["GET"]}}],"collection":[{"href":"https:\/\/uncover.ces.uc.pt\/en\/wp-json\/wp\/v2\/pages"}],"about":[{"href":"https:\/\/uncover.ces.uc.pt\/en\/wp-json\/wp\/v2\/types\/page"}],"author":[{"embeddable":true,"href":"https:\/\/uncover.ces.uc.pt\/en\/wp-json\/wp\/v2\/users\/2"}],"replies":[{"embeddable":true,"href":"https:\/\/uncover.ces.uc.pt\/en\/wp-json\/wp\/v2\/comments?post=6491"}],"version-history":[{"count":19,"href":"https:\/\/uncover.ces.uc.pt\/en\/wp-json\/wp\/v2\/pages\/6491\/revisions"}],"predecessor-version":[{"id":7143,"href":"https:\/\/uncover.ces.uc.pt\/en\/wp-json\/wp\/v2\/pages\/6491\/revisions\/7143"}],"wp:attachment":[{"href":"https:\/\/uncover.ces.uc.pt\/en\/wp-json\/wp\/v2\/media?parent=6491"}],"curies":[{"name":"wp","href":"https:\/\/api.w.org\/{rel}","templated":true}]}}