{"id":6479,"date":"2023-11-24T18:03:00","date_gmt":"2023-11-24T18:03:00","guid":{"rendered":"https:\/\/uncover.ces.uc.pt\/?page_id=6479"},"modified":"2024-07-15T08:50:54","modified_gmt":"2024-07-15T08:50:54","slug":"publicacoes-anteriores","status":"publish","type":"page","link":"https:\/\/uncover.ces.uc.pt\/en\/publicacoes-anteriores\/","title":{"rendered":"Selected Previous Publications"},"content":{"rendered":"<div id=\"fws_69d54e6e5e495\"  data-column-margin=\"default\" data-midnight=\"dark\"  class=\"wpb_row vc_row-fluid vc_row full-width-section parallax_section\"  style=\"padding-top: 175px; padding-bottom: 100px; \"><div class=\"row-bg-wrap\" data-bg-animation=\"zoom-out-slow\" data-bg-animation-delay=\"\" data-bg-overlay=\"true\"><div class=\"inner-wrap row-bg-layer using-image\" ><div class=\"row-bg viewport-desktop using-image\" data-parallax-speed=\"slow\" style=\"background-image: url(https:\/\/uncover.ces.uc.pt\/wp-content\/uploads\/2023\/10\/top-view-books-arrangement.jpg); background-position: left top; background-repeat: no-repeat; \"><\/div><\/div><div class=\"row-bg-overlay row-bg-layer\" style=\"background: #000000; background: linear-gradient(to bottom,#000000 0%,#1c3f8c 100%);  opacity: 0.95; \"><\/div><\/div><div class=\"row_col_wrap_12 col span_12 dark left\">\n\t<div  class=\"vc_col-sm-12 wpb_column column_container vc_column_container col no-extra-padding inherit_tablet inherit_phone\"  data-padding-pos=\"all\" data-has-bg-color=\"false\" data-bg-color=\"\" data-bg-opacity=\"1\" data-animation=\"\" data-delay=\"0\" >\n\t\t<div class=\"vc_column-inner\" >\n\t\t\t<div class=\"wpb_wrapper\">\n\t\t\t\t\n<div class=\"wpb_text_column wpb_content_element  wpb_animate_when_almost_visible wpb_fadeInUp fadeInUp\" >\n\t<div class=\"wpb_wrapper\">\n\t\t<h1 style=\"text-align: center; color: white;\">Selected Previous Publications<\/h1>\n\t<\/div>\n<\/div>\n\n\n\n<div class=\"divider-wrap\" data-alignment=\"center\"><div style=\"margin-top: 37.5px; width: 20%; height: 5px; margin-bottom: 37.5px;\" data-width=\"20%\" data-animate=\"yes\" data-animation-delay=\"\" data-color=\"extra-color-gradient-2\" class=\"divider-small-border\"><\/div><\/div>\n\t\t\t<\/div> \n\t\t<\/div>\n\t<\/div> \n<\/div><\/div>\n\t\t<div id=\"fws_69d54e6e5ede2\"  data-column-margin=\"default\" data-midnight=\"dark\"  class=\"wpb_row vc_row-fluid vc_row\"  style=\"padding-top: 40px; padding-bottom: 40px; \"><div class=\"row-bg-wrap\" data-bg-animation=\"none\" data-bg-animation-delay=\"\" data-bg-overlay=\"false\"><div class=\"inner-wrap row-bg-layer\" ><div class=\"row-bg viewport-desktop\"  style=\"\"><\/div><\/div><\/div><div class=\"row_col_wrap_12 col span_12 dark left\">\n\t<div  class=\"vc_col-sm-12 wpb_column column_container vc_column_container col no-extra-padding inherit_tablet inherit_phone\"  data-padding-pos=\"all\" data-has-bg-color=\"false\" data-bg-color=\"\" data-bg-opacity=\"1\" data-animation=\"\" data-delay=\"0\" >\n\t\t<div class=\"vc_column-inner\" >\n\t\t\t<div class=\"wpb_wrapper\">\n\t\t\t\t\n<div class=\"wpb_text_column wpb_content_element\" >\n\t<div class=\"wpb_wrapper\">\n\t\t<p>Ara\u00fajo, M. (2022), <a href=\"https:\/\/www.jstor.org\/stable\/48675819\" target=\"_blank\" rel=\"noopener\">Islamophobia in Portugal, Beyond the National Register<\/a>, ReOrient: The Journal of Critical Muslim Studies, 7, 1, 46-71.<\/p>\n<p>Askanius, T. e Jannie M. H. (2019), \u201cFraming Gender Justice. A comparative analysis of the media coverage of #metoo in Denmark and Sweden.\u201d <em>Nordicom Review<\/em>, Vol. 2, 40, 19-36.<\/p>\n<p>Barker, G. (2005), <em>Dying to be Men: Youth, Masculinity and Social Exclusion<\/em>. Routledge.<\/p>\n<p>Barker, G. (2018), <em>Masculine Norms and Violence: Making the Connections<\/em>, Washington, DC, USA: Promundo-US.<\/p>\n<p>Boyle, K. e Berridge, S. (eds.) (2024), <em>The Routledge Companion to Gender, Media and Violence<\/em>. Routledge.<\/p>\n<p>Campbell, K. (2022), <em>The Justice of Humans: Subject, Society and Sexual Violence in International Criminal Justice<\/em>. Cambridge: Cambridge University Press. ISBN 9781108497084.<\/p>\n<p>Cerqueira, C.; Taborda, C.; Pereira, A. S. (2022), <em>Hist\u00f3ria dos Ativismos Feministas em Portugal (History of Feminist Activisms in Portugal)<\/em>. Portugal: Edi\u00e7\u00f5es Universit\u00e1rias Lus\u00f3fonas.<\/p>\n<p>Cerqueira, C.; Cabecinhas, R.; Magalh\u00e3es, S. (2016),<em> Gender in focus: (new) trends in media<\/em>. Portugal: Universidade do Minho. Centro de Estudos de Comunica\u00e7\u00e3o e Sociedade.<\/p>\n<p>Duarte, M. (2012a). Prostitution and Trafficking in Portugal: Legislation, Policy, and Claims. Sexuality Research and Social Policy, 9(3), 258\u2013268.<a href=\"https:\/\/doi.org\/10.1007\/s13178-012-0093-2\" target=\"_blank\" rel=\"noopener\"> https:\/\/doi.org\/10.1007\/s13178-012-0093-2<\/a><\/p>\n<p>Duarte, M. (2012b). <a href=\"https:\/\/scielo.pt\/scielo.php?script=sci_abstract&amp;pid=S0874-55602012000100006&amp;lng=pt&amp;nrm=iso&amp;tlng=pt\" target=\"_blank\" rel=\"noopener\">O lugar do Direito nas pol\u00edticas contra a viol\u00eancia dom\u00e9stica<\/a>. <em>Exaequo,<\/em> 25, 59-73.<\/p>\n<p>Duarte, M. (2013), <a href=\"https:\/\/estudogeral.uc.pt\/handle\/10316\/24287\" target=\"_blank\" rel=\"noopener\">Para um Direito sem margens representa\u00e7\u00f5es sobre o Direito e a viol\u00eancia sexual sobre mulheres<\/a>. Tese de doutoramento em Sociologia. Faculdade de Economia da Universidade de Coimbra.<\/p>\n<p>Faustino, M. J. (2020a), Representations of heterosexual anal sex in Cosmopolitan magazine, <em>Culture Health &amp; Sexuality,<\/em> 23(2).<a href=\"http:\/\/dx.doi.org\/10.1080\/13691058.2020.1755453\" target=\"_blank\" rel=\"noopener\"> 10.1080\/13691058.2020.1755453<\/a><\/p>\n<p>Faustino, M. J. (2020b), \u201cIt\u2019s Time to Ease Your Fears\u2014and Your Sphincter\u201d: Gender and Power in Contemporary Media Discourses of Heterosexual Anal Sex, <em>Gender Issues,<\/em> 37(4).<a href=\"https:\/\/link.springer.com\/article\/10.1007\/s12147-020-09250-7\" target=\"_blank\" rel=\"noopener\"> 10.1007\/s12147-020-09250-7<\/a><\/p>\n<p>Fernandes, A. (2022), <em>De que Falamos Quando Falamos de Viol\u00eancia Sexual Contra Crian\u00e7as<\/em>. Pergaminho.<\/p>\n<p>Garraio, J. (2023), Our Hero and That Kind of Woman: Imaginaries of Sexuality, Masculinity and Femininity in the Discussion of the Rape Allegation against Cristiano Ronaldo in Portugal. Social Sciences, 12(8), 461.<a href=\"https:\/\/doi.org\/10.3390\/socsci12080461\" target=\"_blank\" rel=\"noopener\"> https:\/\/doi.org\/10.3390\/socsci12080461<\/a><\/p>\n<p>Garraio, J. (2019), Framing Sexual Violence in Portuguese Colonialism: On Some Practices of Contemporary Cultural Representation and Remembrance. Violence Against Women, 25(13), 1558\u20131577.<a href=\"https:\/\/doi.org\/10.1177\/1077801219869547\" target=\"_blank\" rel=\"noopener\"> https:\/\/doi.org\/10.1177\/1077801219869547<\/a><\/p>\n<p>Garraio, J. (2012), Arresting Gaddafi Will Be the Most Effective Way to Stop these Rapes. Sexual Violence in the Western Media\u2019s Coverage of the War in Libya. <em>E-Cadernos CES<\/em>, 16.<a href=\"https:\/\/doi.org\/10.4000\/eces.1037\" target=\"_blank\" rel=\"noopener\"> https:\/\/doi.org\/10.4000\/eces.1037<\/a><\/p>\n<p>Garraio, J., Amaral, I., Sim\u00f5es, R. B., &amp; Santos, S. J. (2023), Forward and backwards: Sexual violence in Portuguese news media. Em K. Boyle &amp; S. Berridge, The Routledge Companion to Gender, Media and Violence (1.a ed., pp. 145\u2013154). Routledge.<a href=\"https:\/\/doi.org\/10.4324\/9781003200871-16\" target=\"_blank\" rel=\"noopener\"> https:\/\/doi.org\/10.4324\/9781003200871-16<\/a><\/p>\n<p>Garraio, J., Santos, S. J., Amaral, I. &amp; Carvalho, A. S. (2020), The unimaginable rapist and the backlash against #MeToo in Portugal. <em>Europe Now: A Journal of Research and Arts<\/em>: <a href=\"https:\/\/www.europenowjournal.org\/2020\/03\/09\/the-unimaginable-rapist-and-the-backlash-against-metoo-in-portugal\/\" target=\"_blank\" rel=\"noopener\">https:\/\/www.europenowjournal.org\/2020\/03\/09\/the-unimaginable-rapist-and-the-backlash-against-metoo-in-portugal\/<\/a>.<\/p>\n<p>M\u00f8ller, H., e Askanius, T. (2020), Activist-journalism and the Norm of Objectivity: Role Performance in the Reporting of the #MeToo Movement in Denmark and Sweden. Journalism Practice, 15(6), 860\u2013877. https:\/\/doi.org\/10.1080\/17512786.2020.1805792<\/p>\n<p>Moura, T. e Alonso, B. (2021). &#8220;<a href=\"https:\/\/exaequo.apem-estudos.org\/call-for-papers\/apelo-a-contributos?lingua=en\" target=\"_blank\" rel=\"noopener\">FEMINIST DIALOGUES ON MASCULINITIES: experiences, challenges and prospects<\/a>&#8220;, n\u00famero tem\u00e1tico em &#8220;Ex-Aequo&#8221;, 43.<\/p>\n<p>Moura, T. e Garraio, J. (2012), &#8220;<a href=\"https:\/\/journals.openedition.org\/rccs\/4884\" target=\"_blank\" rel=\"noopener\">Viol\u00eancia Sexual em Conflitos Armados \/ Sexual Violence in Armed Conflict<\/a>&#8220;, n\u00famero tem\u00e1tico em &#8220;<em>Boletim P@x \/ Newsletter P@x<\/em>&#8220;, 18.<\/p>\n<p>Moura, T.; Roque, S. e Garraio, J. (2012), <a href=\"https:\/\/journals.openedition.org\/rccs\/4794\" target=\"_blank\" rel=\"noopener\">Mulheres e guerras: representa\u00e7\u00f5es e estrat\u00e9gias<\/a>, n\u00famero tem\u00e1tico em <em>Revista Cr\u00edtica de Ci\u00eancias Sociais<\/em>, 96.<\/p>\n<p>Neto, D. (2020), <a href=\"https:\/\/estudogeral.uc.pt\/handle\/10316\/94650\" target=\"_blank\" rel=\"noopener\">Afinal o que \u00e9 o Ass\u00e9dio Sexual? &#8211; As representa\u00e7\u00f5es dos\/as estudantes da Universidade de Coimbra relativamente ao Ass\u00e9dio Sexual<\/a>. Mestrado em Sociologia. Faculdade de Economia da Universidade de Coimbra.<\/p>\n<p>Puente, S. N. (2022), El espacio digital en disputa: un nuevo paradigma de testimonio \u00e9tico de la violencia frente a la apropiaci\u00f3n y la misoginia, Revista de Estudios de Juventud, 125 (N\u00famero especial: Violencia de g\u00e9nero en la juventud: Las mil caras de la violencia machista en la poblaci\u00f3n joven), 49-56.<\/p>\n<p>Puente, S. N. e Romero, D. F. (2019), Posverdad y victimizaci\u00f3n en Twitter ante el caso de la manada: propuesta de un marco anal\u00edtico a partir del testimonio \u00e9tico, Investigaciones feministas, \u00a010, 2 (N\u00famero especial: Mujeres de ficci\u00f3n y mujeres de realidad en las pantallas televisivas), 385-398.<\/p>\n<p>Roque, S. (2012), L\u00f3gicas de guerra e a reprodu\u00e7\u00e3o das margens: Gangues, mulheres e viol\u00eancia sexuada em El Salvador. <em>Revista Cr\u00edtica de Ci\u00eancias Sociais<\/em>, 96, 87\u2013116. <a href=\"https:\/\/doi.org\/10.4000\/rccs.4830\" target=\"_blank\" rel=\"noopener\">https:\/\/doi.org\/10.4000\/rccs.4830<\/a><\/p>\n<p>Roque, S. (2018), &#8220;<a href=\"https:\/\/journals.openedition.org\/rccs\/7811\">Viol\u00eancia sexual e seguran\u00e7a internacional: despolitiza\u00e7\u00e3o, descontextualiza\u00e7\u00e3o e coloniza\u00e7\u00e3o de uma agenda<\/a>&#8220;,\u00a0<em>Revista Cr\u00edtica de Ci\u00eancias Sociais<\/em>, N\u00famero especial | Edi\u00e7\u00e3o comemorativa dos 40 anos, 165-188.<\/p>\n<p>Santos, S. J., Garraio, J., De Sousa Carvalho, A., &amp; Amaral, I. (2022), A space to resist rape myths? Journalism, patriarchy and sexual violence. <em>European Journal of Women\u2019s Studies<\/em>, 29(2), 298\u2013315.<a href=\"https:\/\/doi.org\/10.1177\/13505068211048465\" target=\"_blank\" rel=\"noopener\"> https:\/\/doi.org\/10.1177\/13505068211048465<\/a><\/p>\n<p>Santos, R.; Santos, S. J. (2021), <a href=\"https:\/\/journals.openedition.org\/carnets\/2188\" target=\"_blank\" rel=\"noopener\">Covid-19 pandemic: the reproduction and contestation of securitisation of asylum seekers, immigrants and Afro-descendants in the Portuguese media<\/a>, <em>From the European South<\/em>, 9, 47-68.<\/p>\n<p>Schurmans, F. (2017), <a href=\"https:\/\/journals.openedition.org\/carnets\/2188\" target=\"_blank\" rel=\"noopener\">Vers une postm\u00e9moire de la traite et de l&#8217;esclavage?<\/a>, <em>Carnets<\/em>, 10, 1-14.<\/p>\n<p>Sim\u00f5es, R. B., &amp; Silveirinha, M. J. (2022), Framing street harassment: Legal developments and popular misogyny in social media. Feminist Media Studies, 22(3), 621\u2013637.<a href=\"https:\/\/doi.org\/10.1080\/14680777.2019.1704816\" target=\"_blank\" rel=\"noopener\"> https:\/\/doi.org\/10.1080\/14680777.2019.1704816<\/a><\/p>\n<p>Sim\u00f5es, R. B. D. (2018). News Media Power and Public Policy: The Mediatized Construction of Women Trafficking for Sexual Exploitation. <em>Brazilian Journalism Research<\/em>, 14(1), 130\u2013151. <a href=\"https:\/\/doi.org\/10.25200\/BJR.v14n1.2018.1039\" target=\"_blank\" rel=\"noopener\">https:\/\/doi.org\/10.25200\/BJR.v14n1.2018.1039<\/a><\/p>\n<p>Silveirinha, M. J., Sim\u00f5es, R. B., &amp; Santos, T. (2020), Him Too? Cristiano Ronaldo and the News Coverage of a Rape Case Allegation. <em>Journalism Practice<\/em>, 14(2), 208\u2013224.<a href=\"https:\/\/doi.org\/10.1080\/17512786.2019.1693279\" target=\"_blank\" rel=\"noopener\"> https:\/\/doi.org\/10.1080\/17512786.2019.1693279<\/a><\/p>\n<p>Strecht, P.; Laborinho L\u00facio, A.; Almeida, A. N.; Vasconcelos, C.; Sampaio, D.; Mendes, Azevedo, F.; Garraio, J. (2023), <a href=\"https:\/\/dados.rcaap.pt\/bitstream\/10400.20\/2118\/7\/APIS0098_Relat%c3%b3rioFinal.pdf\" target=\"_blank\" rel=\"noopener\">Relat\u00f3rio Final da Comiss\u00e3o Independente para o Estudo dos Abusos Sexuais de Crian\u00e7as na Igreja Cat\u00f3lica Portuguesa<\/a><\/p>\n<p>Ventura, I.\u00a0 (2017), <em>Medusa no Pal\u00e1cio da Justi\u00e7a<\/em>. Lisboa: Tinta da China.<\/p>\n<p>Ventura, I. e Ferreira, V. (org.)\u00a0(2018),\u00a0<em>Atas do Semin\u00e1rio Internacional \u201cMedia e viol\u00eancia sexual: da investiga\u00e7\u00e3o \u00e0 comunica\u00e7\u00e3o\u201d<\/em>. APEM. Dispon\u00edvel em:\u00a0<a href=\"http:\/\/www.apem-estudos.org\/pt\/files\/2018-07\/e-book-media-e-viol-ncia-sexual-apem.pdf\">http:\/\/www.apem-estudos.org\/pt\/files\/2018-07\/e-book-media-e-viol-ncia-sexual-apem.pdf<\/a><\/p>\n<p>Zarkov, D<em>. <\/em>(2007),<em> The Body of War. Media, Ethnicity and Gender in the Break-up of Yugoslavia. <\/em>Durham and London: Duke University Press.<\/p>\n<p>Zarkov, D. &amp; Glasius, M. (eds.) (2014), <em>Narratives of Justice in and out of the Courtroom. Former Yugoslavia and Beyond. <\/em>Springer.<\/p>\n<p>Zipfel, G.; Campbell, K. e M\u00fchlh\u00e4user, R. (eds.) (2019), <em>In Plain Sight: Sexual Violence in Armed Conflict<\/em>. New Delhi: Zubaan. ISBN 9789385932816.<\/p>\n\t<\/div>\n<\/div>\n\n\n\n\n\t\t\t<\/div> \n\t\t<\/div>\n\t<\/div> \n<\/div><\/div>","protected":false},"excerpt":{"rendered":"Sele\u00e7\u00e3o de Publica\u00e7\u00f5es Anteriores Ara\u00fajo, M. (2022), Islamophobia in Portugal, Beyond the National Register, ReOrient: The Journal of Critical Muslim Studies, 7, 1, 46-71. Askanius, T. e Jannie M. H....","protected":false},"author":2,"featured_media":0,"parent":0,"menu_order":0,"comment_status":"closed","ping_status":"closed","template":"","meta":{"footnotes":""},"class_list":["post-6479","page","type-page","status-publish"],"_links":{"self":[{"href":"https:\/\/uncover.ces.uc.pt\/en\/wp-json\/wp\/v2\/pages\/6479","targetHints":{"allow":["GET"]}}],"collection":[{"href":"https:\/\/uncover.ces.uc.pt\/en\/wp-json\/wp\/v2\/pages"}],"about":[{"href":"https:\/\/uncover.ces.uc.pt\/en\/wp-json\/wp\/v2\/types\/page"}],"author":[{"embeddable":true,"href":"https:\/\/uncover.ces.uc.pt\/en\/wp-json\/wp\/v2\/users\/2"}],"replies":[{"embeddable":true,"href":"https:\/\/uncover.ces.uc.pt\/en\/wp-json\/wp\/v2\/comments?post=6479"}],"version-history":[{"count":19,"href":"https:\/\/uncover.ces.uc.pt\/en\/wp-json\/wp\/v2\/pages\/6479\/revisions"}],"predecessor-version":[{"id":7063,"href":"https:\/\/uncover.ces.uc.pt\/en\/wp-json\/wp\/v2\/pages\/6479\/revisions\/7063"}],"wp:attachment":[{"href":"https:\/\/uncover.ces.uc.pt\/en\/wp-json\/wp\/v2\/media?parent=6479"}],"curies":[{"name":"wp","href":"https:\/\/api.w.org\/{rel}","templated":true}]}}