{"id":6475,"date":"2023-11-24T18:01:24","date_gmt":"2023-11-24T18:01:24","guid":{"rendered":"https:\/\/uncover.ces.uc.pt\/?page_id=6475"},"modified":"2024-04-19T09:04:00","modified_gmt":"2024-04-19T09:04:00","slug":"outras-publicacoes-cientificas","status":"publish","type":"page","link":"https:\/\/uncover.ces.uc.pt\/en\/outras-publicacoes-cientificas\/","title":{"rendered":"Other Scientific Publications"},"content":{"rendered":"<div id=\"fws_69d9a4c95ebb3\"  data-column-margin=\"default\" data-midnight=\"dark\"  class=\"wpb_row vc_row-fluid vc_row full-width-section parallax_section\"  style=\"padding-top: 175px; padding-bottom: 100px; \"><div class=\"row-bg-wrap\" data-bg-animation=\"zoom-out-slow\" data-bg-animation-delay=\"\" data-bg-overlay=\"true\"><div class=\"inner-wrap row-bg-layer using-image\" ><div class=\"row-bg viewport-desktop using-image\" data-parallax-speed=\"slow\" style=\"background-image: url(https:\/\/uncover.ces.uc.pt\/wp-content\/uploads\/2023\/10\/top-view-books-arrangement.jpg); background-position: left top; background-repeat: no-repeat; \"><\/div><\/div><div class=\"row-bg-overlay row-bg-layer\" style=\"background: #000000; background: linear-gradient(to bottom,#000000 0%,#1c3f8c 100%);  opacity: 0.95; \"><\/div><\/div><div class=\"row_col_wrap_12 col span_12 dark left\">\n\t<div  class=\"vc_col-sm-12 wpb_column column_container vc_column_container col no-extra-padding inherit_tablet inherit_phone\"  data-padding-pos=\"all\" data-has-bg-color=\"false\" data-bg-color=\"\" data-bg-opacity=\"1\" data-animation=\"\" data-delay=\"0\" >\n\t\t<div class=\"vc_column-inner\" >\n\t\t\t<div class=\"wpb_wrapper\">\n\t\t\t\t\n<div class=\"wpb_text_column wpb_content_element  wpb_animate_when_almost_visible wpb_fadeInUp fadeInUp\" >\n\t<div class=\"wpb_wrapper\">\n\t\t<h1 style=\"text-align: center; color: white;\">Other Scientific Publications<\/h1>\n\t<\/div>\n<\/div>\n\n\n\n<div class=\"divider-wrap\" data-alignment=\"center\"><div style=\"margin-top: 37.5px; width: 20%; height: 5px; margin-bottom: 37.5px;\" data-width=\"20%\" data-animate=\"yes\" data-animation-delay=\"\" data-color=\"extra-color-gradient-2\" class=\"divider-small-border\"><\/div><\/div>\n\t\t\t<\/div> \n\t\t<\/div>\n\t<\/div> \n<\/div><\/div>\n\t\t<div id=\"fws_69d9a4c95f63c\"  data-column-margin=\"default\" data-midnight=\"dark\"  class=\"wpb_row vc_row-fluid vc_row full-width-section\"  style=\"padding-top: 100px; padding-bottom: 100px; \"><div class=\"row-bg-wrap\" data-bg-animation=\"none\" data-bg-animation-delay=\"\" data-bg-overlay=\"true\"><div class=\"inner-wrap row-bg-layer\" ><div class=\"row-bg viewport-desktop\"  style=\"\"><\/div><\/div><div class=\"row-bg-overlay row-bg-layer\" style=\"background-color:#ffffff;  opacity: 0.8; \"><\/div><\/div><div class=\"row_col_wrap_12 col span_12 dark left\">\n\t<div  class=\"vc_col-sm-12 wpb_column column_container vc_column_container col has-animation no-extra-padding inherit_tablet inherit_phone\"  data-padding-pos=\"all\" data-has-bg-color=\"false\" data-bg-color=\"\" data-bg-opacity=\"1\" data-animation=\"reveal-from-left\" data-delay=\"0\" >\n\t\t<div class=\"vc_column-inner\" >\n\t\t\t<div class=\"wpb_wrapper\">\n\t\t\t\t\n<div class=\"row\">\n\n <div class=\"post-area col featured_img_left span_12 col_last\" data-ams=\"\" data-remove-post-date=\"1\" data-remove-post-author=\"1\" data-remove-post-comment-number=\"1\" data-remove-post-nectar-love=\"1\"> <div class=\"posts-container\" data-load-animation=\"none\">     \n     \n<article id=\"post-7337\" class=\"post-7337 post type-post status-publish format-standard has-post-thumbnail category-outras-publicacoes-cientificas\">  \n  <div class=\"inner-wrap animated\">\n    <div class=\"post-content\">\n      <div class=\"article-content-wrap\">\n        <div class=\"post-featured-img-wrap\">\n          <a href=\"https:\/\/uncover.ces.uc.pt\/en\/2025\/09\/06\/recensao-critica-queering-science-communication\/\" aria-label=\"Recens\u00e3o cr\u00edtica | Queering Science Communication\"><span class=\"post-featured-img\"><img loading=\"lazy\" decoding=\"async\" width=\"900\" height=\"600\" src=\"https:\/\/uncover.ces.uc.pt\/wp-content\/uploads\/2025\/09\/book-review-Rita.jpg\" class=\"attachment-wide_photography size-wide_photography skip-lazy wp-post-image\" alt=\"\" title=\"\" sizes=\"auto, (min-width: 690px) 40vw, 100vw\" srcset=\"https:\/\/uncover.ces.uc.pt\/wp-content\/uploads\/2025\/09\/book-review-Rita.jpg 900w, https:\/\/uncover.ces.uc.pt\/wp-content\/uploads\/2025\/09\/book-review-Rita-300x200.jpg 300w, https:\/\/uncover.ces.uc.pt\/wp-content\/uploads\/2025\/09\/book-review-Rita-768x512.jpg 768w, https:\/\/uncover.ces.uc.pt\/wp-content\/uploads\/2025\/09\/book-review-Rita-18x12.jpg 18w\" \/><\/span><\/a>          \n        <\/div>\n        <div class=\"post-content-wrap\">\n          <a class=\"entire-meta-link\" href=\"https:\/\/uncover.ces.uc.pt\/en\/2025\/09\/06\/recensao-critica-queering-science-communication\/\"><span class=\"screen-reader-text\">Recens\u00e3o cr\u00edtica | Queering Science Communication<\/span><\/a>\n          <span class=\"meta-category\"><a class=\"outras-publicacoes-cientificas\" href=\"https:\/\/uncover.ces.uc.pt\/en\/category\/outras-publicacoes-cientificas\/\">Other Scientific Publications<\/a><\/span>          \n          <div class=\"post-header\">\n            <h3 class=\"title\"><a href=\"https:\/\/uncover.ces.uc.pt\/en\/2025\/09\/06\/recensao-critica-queering-science-communication\/\"> Recens\u00e3o cr\u00edtica | Queering Science Communication<\/a><\/h3>\n          <\/div>\n          \n          <div class=\"excerpt\">Rita Alcaire publicou no European Journal of Women\u2019s Studies uma recens\u00e3o cr\u00edtica ao livro Queering&hellip;<\/div><div class=\"grav-wrap\"><a href=\"https:\/\/uncover.ces.uc.pt\/en\/author\/uncover_admin\/\"><img alt='uncover_admin' src='https:\/\/secure.gravatar.com\/avatar\/77921b0a77845cc275141b2ebd17eb8e7564f7533437fcb2d45cc5f62df80d41?s=70&#038;d=mm&#038;r=g' srcset='https:\/\/secure.gravatar.com\/avatar\/77921b0a77845cc275141b2ebd17eb8e7564f7533437fcb2d45cc5f62df80d41?s=140&#038;d=mm&#038;r=g 2x' class='avatar avatar-70 photo' height='70' width='70' \/><\/a><div class=\"text\"><a href=\"https:\/\/uncover.ces.uc.pt\/en\/author\/uncover_admin\/\" rel=\"author\">uncover_admin<\/a><span>September 6, 2025<\/span><\/div><\/div>        <\/div>\n      <\/div>\n    <\/div>\n  <\/div>\n<\/article>     \n     \n<article id=\"post-7197\" class=\"post-7197 post type-post status-publish format-standard has-post-thumbnail category-outras-publicacoes-cientificas\">  \n  <div class=\"inner-wrap animated\">\n    <div class=\"post-content\">\n      <div class=\"article-content-wrap\">\n        <div class=\"post-featured-img-wrap\">\n          <a href=\"https:\/\/uncover.ces.uc.pt\/en\/2025\/04\/14\/7197\/\" aria-label=\"Recens\u00e3o Cr\u00edtica | Women, Violence and Postmillennial Romance Fiction\"><span class=\"post-featured-img\"><img loading=\"lazy\" decoding=\"async\" width=\"900\" height=\"600\" src=\"https:\/\/uncover.ces.uc.pt\/wp-content\/uploads\/2025\/04\/1742034033323.jpg\" class=\"attachment-wide_photography size-wide_photography skip-lazy wp-post-image\" alt=\"\" title=\"\" sizes=\"auto, (min-width: 690px) 40vw, 100vw\" srcset=\"https:\/\/uncover.ces.uc.pt\/wp-content\/uploads\/2025\/04\/1742034033323.jpg 900w, https:\/\/uncover.ces.uc.pt\/wp-content\/uploads\/2025\/04\/1742034033323-300x200.jpg 300w, https:\/\/uncover.ces.uc.pt\/wp-content\/uploads\/2025\/04\/1742034033323-768x512.jpg 768w, https:\/\/uncover.ces.uc.pt\/wp-content\/uploads\/2025\/04\/1742034033323-18x12.jpg 18w\" \/><\/span><\/a>          \n        <\/div>\n        <div class=\"post-content-wrap\">\n          <a class=\"entire-meta-link\" href=\"https:\/\/uncover.ces.uc.pt\/en\/2025\/04\/14\/7197\/\"><span class=\"screen-reader-text\">Recens\u00e3o Cr\u00edtica | Women, Violence and Postmillennial Romance Fiction<\/span><\/a>\n          <span class=\"meta-category\"><a class=\"outras-publicacoes-cientificas\" href=\"https:\/\/uncover.ces.uc.pt\/en\/category\/outras-publicacoes-cientificas\/\">Other Scientific Publications<\/a><\/span>          \n          <div class=\"post-header\">\n            <h3 class=\"title\"><a href=\"https:\/\/uncover.ces.uc.pt\/en\/2025\/04\/14\/7197\/\"> Recens\u00e3o Cr\u00edtica | Women, Violence and Postmillennial Romance Fiction<\/a><\/h3>\n          <\/div>\n          \n          <div class=\"excerpt\">Maria Jo\u00e3o Faustino publicou uma recens\u00e3o cr\u00edtica no European Journal of Women\u2019s Studies do livro&hellip;<\/div><div class=\"grav-wrap\"><a href=\"https:\/\/uncover.ces.uc.pt\/en\/author\/uncover_admin\/\"><img alt='uncover_admin' src='https:\/\/secure.gravatar.com\/avatar\/77921b0a77845cc275141b2ebd17eb8e7564f7533437fcb2d45cc5f62df80d41?s=70&#038;d=mm&#038;r=g' srcset='https:\/\/secure.gravatar.com\/avatar\/77921b0a77845cc275141b2ebd17eb8e7564f7533437fcb2d45cc5f62df80d41?s=140&#038;d=mm&#038;r=g 2x' class='avatar avatar-70 photo' height='70' width='70' \/><\/a><div class=\"text\"><a href=\"https:\/\/uncover.ces.uc.pt\/en\/author\/uncover_admin\/\" rel=\"author\">uncover_admin<\/a><span>June 3, 2025<\/span><\/div><\/div>        <\/div>\n      <\/div>\n    <\/div>\n  <\/div>\n<\/article>     \n     \n<article id=\"post-6982\" class=\"post-6982 post type-post status-publish format-standard has-post-thumbnail category-outras-publicacoes-cientificas\">  \n  <div class=\"inner-wrap animated\">\n    <div class=\"post-content\">\n      <div class=\"article-content-wrap\">\n        <div class=\"post-featured-img-wrap\">\n          <a href=\"https:\/\/uncover.ces.uc.pt\/en\/2024\/05\/06\/recensao-critica-academic-women-voicing-narratives-of-gendered-experiences\/\" aria-label=\"Recens\u00e3o cr\u00edtica | Academic Women: Voicing Narratives of Gendered Experiences\"><span class=\"post-featured-img\"><img loading=\"lazy\" decoding=\"async\" width=\"900\" height=\"600\" src=\"https:\/\/uncover.ces.uc.pt\/wp-content\/uploads\/2024\/05\/Daniela-Neto-Site.png\" class=\"attachment-wide_photography size-wide_photography skip-lazy wp-post-image\" alt=\"\" title=\"\" sizes=\"auto, (min-width: 690px) 40vw, 100vw\" srcset=\"https:\/\/uncover.ces.uc.pt\/wp-content\/uploads\/2024\/05\/Daniela-Neto-Site.png 900w, https:\/\/uncover.ces.uc.pt\/wp-content\/uploads\/2024\/05\/Daniela-Neto-Site-300x200.png 300w, https:\/\/uncover.ces.uc.pt\/wp-content\/uploads\/2024\/05\/Daniela-Neto-Site-768x512.png 768w, https:\/\/uncover.ces.uc.pt\/wp-content\/uploads\/2024\/05\/Daniela-Neto-Site-18x12.png 18w\" \/><\/span><\/a>          \n        <\/div>\n        <div class=\"post-content-wrap\">\n          <a class=\"entire-meta-link\" href=\"https:\/\/uncover.ces.uc.pt\/en\/2024\/05\/06\/recensao-critica-academic-women-voicing-narratives-of-gendered-experiences\/\"><span class=\"screen-reader-text\">Recens\u00e3o cr\u00edtica | Academic Women: Voicing Narratives of Gendered Experiences<\/span><\/a>\n          <span class=\"meta-category\"><a class=\"outras-publicacoes-cientificas\" href=\"https:\/\/uncover.ces.uc.pt\/en\/category\/outras-publicacoes-cientificas\/\">Other Scientific Publications<\/a><\/span>          \n          <div class=\"post-header\">\n            <h3 class=\"title\"><a href=\"https:\/\/uncover.ces.uc.pt\/en\/2024\/05\/06\/recensao-critica-academic-women-voicing-narratives-of-gendered-experiences\/\"> Recens\u00e3o cr\u00edtica | Academic Women: Voicing Narratives of Gendered Experiences<\/a><\/h3>\n          <\/div>\n          \n          <div class=\"excerpt\">Book review: Academic Women: Voicing Narratives of Gendered Experiences by Daniela Sofia Neto. By centring on...<\/div><div class=\"grav-wrap\"><a href=\"https:\/\/uncover.ces.uc.pt\/en\/author\/uncover_admin\/\"><img alt='uncover_admin' src='https:\/\/secure.gravatar.com\/avatar\/77921b0a77845cc275141b2ebd17eb8e7564f7533437fcb2d45cc5f62df80d41?s=70&#038;d=mm&#038;r=g' srcset='https:\/\/secure.gravatar.com\/avatar\/77921b0a77845cc275141b2ebd17eb8e7564f7533437fcb2d45cc5f62df80d41?s=140&#038;d=mm&#038;r=g 2x' class='avatar avatar-70 photo' height='70' width='70' \/><\/a><div class=\"text\"><a href=\"https:\/\/uncover.ces.uc.pt\/en\/author\/uncover_admin\/\" rel=\"author\">uncover_admin<\/a><span>June 3, 2025<\/span><\/div><\/div>        <\/div>\n      <\/div>\n    <\/div>\n  <\/div>\n<\/article>     \n     \n<article id=\"post-7273\" class=\"post-7273 post type-post status-publish format-standard has-post-thumbnail category-outras-publicacoes-cientificas\">  \n  <div class=\"inner-wrap animated\">\n    <div class=\"post-content\">\n      <div class=\"article-content-wrap\">\n        <div class=\"post-featured-img-wrap\">\n          <a href=\"https:\/\/uncover.ces.uc.pt\/en\/2025\/06\/03\/o-poder-das-historias-que-lemos-a-violacao-de-um-homem-no-romance-ursa-maior-de-mario-claudio\/\" aria-label=\"O poder das hist\u00f3rias que lemos. A viola\u00e7\u00e3o de um homem no romance Ursa Maior de M\u00e1rio Cl\u00e1udio\"><span class=\"post-featured-img\"><img loading=\"lazy\" decoding=\"async\" width=\"900\" height=\"600\" src=\"https:\/\/uncover.ces.uc.pt\/wp-content\/uploads\/2025\/06\/Ebook-Julia.jpeg\" class=\"attachment-wide_photography size-wide_photography skip-lazy wp-post-image\" alt=\"\" title=\"\" sizes=\"auto, (min-width: 690px) 40vw, 100vw\" srcset=\"https:\/\/uncover.ces.uc.pt\/wp-content\/uploads\/2025\/06\/Ebook-Julia.jpeg 900w, https:\/\/uncover.ces.uc.pt\/wp-content\/uploads\/2025\/06\/Ebook-Julia-300x200.jpeg 300w, https:\/\/uncover.ces.uc.pt\/wp-content\/uploads\/2025\/06\/Ebook-Julia-768x512.jpeg 768w, https:\/\/uncover.ces.uc.pt\/wp-content\/uploads\/2025\/06\/Ebook-Julia-18x12.jpeg 18w\" \/><\/span><\/a>          \n        <\/div>\n        <div class=\"post-content-wrap\">\n          <a class=\"entire-meta-link\" href=\"https:\/\/uncover.ces.uc.pt\/en\/2025\/06\/03\/o-poder-das-historias-que-lemos-a-violacao-de-um-homem-no-romance-ursa-maior-de-mario-claudio\/\"><span class=\"screen-reader-text\">O poder das hist\u00f3rias que lemos. A viola\u00e7\u00e3o de um homem no romance Ursa Maior de M\u00e1rio Cl\u00e1udio<\/span><\/a>\n          <span class=\"meta-category\"><a class=\"outras-publicacoes-cientificas\" href=\"https:\/\/uncover.ces.uc.pt\/en\/category\/outras-publicacoes-cientificas\/\">Other Scientific Publications<\/a><\/span>          \n          <div class=\"post-header\">\n            <h3 class=\"title\"><a href=\"https:\/\/uncover.ces.uc.pt\/en\/2025\/06\/03\/o-poder-das-historias-que-lemos-a-violacao-de-um-homem-no-romance-ursa-maior-de-mario-claudio\/\"> O poder das hist\u00f3rias que lemos. A viola\u00e7\u00e3o de um homem no romance Ursa Maior de M\u00e1rio Cl\u00e1udio<\/a><\/h3>\n          <\/div>\n          \n          <div class=\"excerpt\">No cap\u00edtulo intitulado \"O poder das hist\u00f3rias que lemos. A viola\u00e7\u00e3o de um homem no&hellip;<\/div><div class=\"grav-wrap\"><a href=\"https:\/\/uncover.ces.uc.pt\/en\/author\/uncover_admin\/\"><img alt='uncover_admin' src='https:\/\/secure.gravatar.com\/avatar\/77921b0a77845cc275141b2ebd17eb8e7564f7533437fcb2d45cc5f62df80d41?s=70&#038;d=mm&#038;r=g' srcset='https:\/\/secure.gravatar.com\/avatar\/77921b0a77845cc275141b2ebd17eb8e7564f7533437fcb2d45cc5f62df80d41?s=140&#038;d=mm&#038;r=g 2x' class='avatar avatar-70 photo' height='70' width='70' \/><\/a><div class=\"text\"><a href=\"https:\/\/uncover.ces.uc.pt\/en\/author\/uncover_admin\/\" rel=\"author\">uncover_admin<\/a><span>June 3, 2025<\/span><\/div><\/div>        <\/div>\n      <\/div>\n    <\/div>\n  <\/div>\n<\/article>     \n     \n<article id=\"post-7270\" class=\"post-7270 post type-post status-publish format-standard has-post-thumbnail category-outras-publicacoes-cientificas\">  \n  <div class=\"inner-wrap animated\">\n    <div class=\"post-content\">\n      <div class=\"article-content-wrap\">\n        <div class=\"post-featured-img-wrap\">\n          <a href=\"https:\/\/uncover.ces.uc.pt\/en\/2025\/06\/03\/consentimento-e-masculinidades-a-relacao-umbilical-entre-consentimento-e-genero\/\" aria-label=\"Consentimento e masculinidade(s): A rela\u00e7\u00e3o umbilical entre consentimento e g\u00e9nero\"><span class=\"post-featured-img\"><img loading=\"lazy\" decoding=\"async\" width=\"900\" height=\"600\" src=\"https:\/\/uncover.ces.uc.pt\/wp-content\/uploads\/2025\/06\/ebook-MJ.jpg\" class=\"attachment-wide_photography size-wide_photography skip-lazy wp-post-image\" alt=\"\" title=\"\" sizes=\"auto, (min-width: 690px) 40vw, 100vw\" srcset=\"https:\/\/uncover.ces.uc.pt\/wp-content\/uploads\/2025\/06\/ebook-MJ.jpg 900w, https:\/\/uncover.ces.uc.pt\/wp-content\/uploads\/2025\/06\/ebook-MJ-300x200.jpg 300w, https:\/\/uncover.ces.uc.pt\/wp-content\/uploads\/2025\/06\/ebook-MJ-768x512.jpg 768w, https:\/\/uncover.ces.uc.pt\/wp-content\/uploads\/2025\/06\/ebook-MJ-18x12.jpg 18w\" \/><\/span><\/a>          \n        <\/div>\n        <div class=\"post-content-wrap\">\n          <a class=\"entire-meta-link\" href=\"https:\/\/uncover.ces.uc.pt\/en\/2025\/06\/03\/consentimento-e-masculinidades-a-relacao-umbilical-entre-consentimento-e-genero\/\"><span class=\"screen-reader-text\">Consentimento e masculinidade(s): A rela\u00e7\u00e3o umbilical entre consentimento e g\u00e9nero<\/span><\/a>\n          <span class=\"meta-category\"><a class=\"outras-publicacoes-cientificas\" href=\"https:\/\/uncover.ces.uc.pt\/en\/category\/outras-publicacoes-cientificas\/\">Other Scientific Publications<\/a><\/span>          \n          <div class=\"post-header\">\n            <h3 class=\"title\"><a href=\"https:\/\/uncover.ces.uc.pt\/en\/2025\/06\/03\/consentimento-e-masculinidades-a-relacao-umbilical-entre-consentimento-e-genero\/\"> Consentimento e masculinidade(s): A rela\u00e7\u00e3o umbilical entre consentimento e g\u00e9nero<\/a><\/h3>\n          <\/div>\n          \n          <div class=\"excerpt\">No cap\u00edtulo intitulado \"Consentimento e masculinidade(s): A rela\u00e7\u00e3o umbilical entre consentimento e g\u00e9nero\", inclu\u00eddo no&hellip;<\/div><div class=\"grav-wrap\"><a href=\"https:\/\/uncover.ces.uc.pt\/en\/author\/uncover_admin\/\"><img alt='uncover_admin' src='https:\/\/secure.gravatar.com\/avatar\/77921b0a77845cc275141b2ebd17eb8e7564f7533437fcb2d45cc5f62df80d41?s=70&#038;d=mm&#038;r=g' srcset='https:\/\/secure.gravatar.com\/avatar\/77921b0a77845cc275141b2ebd17eb8e7564f7533437fcb2d45cc5f62df80d41?s=140&#038;d=mm&#038;r=g 2x' class='avatar avatar-70 photo' height='70' width='70' \/><\/a><div class=\"text\"><a href=\"https:\/\/uncover.ces.uc.pt\/en\/author\/uncover_admin\/\" rel=\"author\">uncover_admin<\/a><span>June 3, 2025<\/span><\/div><\/div>        <\/div>\n      <\/div>\n    <\/div>\n  <\/div>\n<\/article>     \n     \n<article id=\"post-6933\" class=\"post-6933 post type-post status-publish format-standard has-post-thumbnail category-outras-publicacoes-cientificas\">  \n  <div class=\"inner-wrap animated\">\n    <div class=\"post-content\">\n      <div class=\"article-content-wrap\">\n        <div class=\"post-featured-img-wrap\">\n          <a href=\"https:\/\/uncover.ces.uc.pt\/en\/2024\/04\/18\/from-fritzl-to-metoo-twelve-years-of-rape-coverage-in-the-british-press\/\" aria-label=\"Recens\u00e3o cr\u00edtica | From Fritzl to #metoo: Twelve Years of Rape Coverage in the British Press\"><span class=\"post-featured-img\"><img loading=\"lazy\" decoding=\"async\" width=\"900\" height=\"600\" src=\"https:\/\/uncover.ces.uc.pt\/wp-content\/uploads\/2024\/04\/julia-fritzl.png\" class=\"attachment-wide_photography size-wide_photography skip-lazy wp-post-image\" alt=\"\" title=\"\" sizes=\"auto, (min-width: 690px) 40vw, 100vw\" srcset=\"https:\/\/uncover.ces.uc.pt\/wp-content\/uploads\/2024\/04\/julia-fritzl.png 900w, https:\/\/uncover.ces.uc.pt\/wp-content\/uploads\/2024\/04\/julia-fritzl-300x200.png 300w, https:\/\/uncover.ces.uc.pt\/wp-content\/uploads\/2024\/04\/julia-fritzl-768x512.png 768w, https:\/\/uncover.ces.uc.pt\/wp-content\/uploads\/2024\/04\/julia-fritzl-18x12.png 18w\" \/><\/span><\/a>          \n        <\/div>\n        <div class=\"post-content-wrap\">\n          <a class=\"entire-meta-link\" href=\"https:\/\/uncover.ces.uc.pt\/en\/2024\/04\/18\/from-fritzl-to-metoo-twelve-years-of-rape-coverage-in-the-british-press\/\"><span class=\"screen-reader-text\">Recens\u00e3o cr\u00edtica | From Fritzl to #metoo: Twelve Years of Rape Coverage in the British Press<\/span><\/a>\n          <span class=\"meta-category\"><a class=\"outras-publicacoes-cientificas\" href=\"https:\/\/uncover.ces.uc.pt\/en\/category\/outras-publicacoes-cientificas\/\">Other Scientific Publications<\/a><\/span>          \n          <div class=\"post-header\">\n            <h3 class=\"title\"><a href=\"https:\/\/uncover.ces.uc.pt\/en\/2024\/04\/18\/from-fritzl-to-metoo-twelve-years-of-rape-coverage-in-the-british-press\/\"> Recens\u00e3o cr\u00edtica | From Fritzl to #metoo: Twelve Years of Rape Coverage in the British Press<\/a><\/h3>\n          <\/div>\n          \n          <div class=\"excerpt\">Book review: From Fritzl to #metoo: Twelve Years of Rape Coverage in the\u2026<\/div><div class=\"grav-wrap\"><a href=\"https:\/\/uncover.ces.uc.pt\/en\/author\/uncover_admin\/\"><img alt='uncover_admin' src='https:\/\/secure.gravatar.com\/avatar\/77921b0a77845cc275141b2ebd17eb8e7564f7533437fcb2d45cc5f62df80d41?s=70&#038;d=mm&#038;r=g' srcset='https:\/\/secure.gravatar.com\/avatar\/77921b0a77845cc275141b2ebd17eb8e7564f7533437fcb2d45cc5f62df80d41?s=140&#038;d=mm&#038;r=g 2x' class='avatar avatar-70 photo' height='70' width='70' \/><\/a><div class=\"text\"><a href=\"https:\/\/uncover.ces.uc.pt\/en\/author\/uncover_admin\/\" rel=\"author\">uncover_admin<\/a><span>June 3, 2025<\/span><\/div><\/div>        <\/div>\n      <\/div>\n    <\/div>\n  <\/div>\n<\/article>     \n     \n<article id=\"post-5923\" class=\"post-5923 post type-post status-publish format-standard has-post-thumbnail category-outras-publicacoes-cientificas\">  \n  <div class=\"inner-wrap animated\">\n    <div class=\"post-content\">\n      <div class=\"article-content-wrap\">\n        <div class=\"post-featured-img-wrap\">\n          <a href=\"https:\/\/uncover.ces.uc.pt\/en\/2012\/10\/12\/outras-publicacoes-cientificas-2\/\" aria-label=\"Narges Mohammadi and the Nobel Prize for Peace\"><span class=\"post-featured-img\"><img loading=\"lazy\" decoding=\"async\" width=\"900\" height=\"600\" src=\"https:\/\/uncover.ces.uc.pt\/wp-content\/uploads\/2023\/10\/Screenshot-2024-02-17-11.13.08-900x600.png\" class=\"attachment-wide_photography size-wide_photography skip-lazy wp-post-image\" alt=\"\" title=\"\" sizes=\"auto, (min-width: 690px) 40vw, 100vw\" \/><\/span><\/a>          \n        <\/div>\n        <div class=\"post-content-wrap\">\n          <a class=\"entire-meta-link\" href=\"https:\/\/uncover.ces.uc.pt\/en\/2012\/10\/12\/outras-publicacoes-cientificas-2\/\"><span class=\"screen-reader-text\">Narges Mohammadi and the Nobel Prize for Peace<\/span><\/a>\n          <span class=\"meta-category\"><a class=\"outras-publicacoes-cientificas\" href=\"https:\/\/uncover.ces.uc.pt\/en\/category\/outras-publicacoes-cientificas\/\">Other Scientific Publications<\/a><\/span>          \n          <div class=\"post-header\">\n            <h3 class=\"title\"><a href=\"https:\/\/uncover.ces.uc.pt\/en\/2012\/10\/12\/outras-publicacoes-cientificas-2\/\"> Narges Mohammadi and the Nobel Prize for Peace<\/a><\/h3>\n          <\/div>\n          \n          <div class=\"excerpt\">Narges Mohammadi and the Nobel Prize for Peace\nBy Sofia Jos\u00e9 Santos, Daniela Nascimento, Jos\u00e9 Manuel Pureza<\/div><div class=\"grav-wrap\"><a href=\"https:\/\/uncover.ces.uc.pt\/en\/author\/uncover_admin\/\"><img alt='uncover_admin' src='https:\/\/secure.gravatar.com\/avatar\/77921b0a77845cc275141b2ebd17eb8e7564f7533437fcb2d45cc5f62df80d41?s=70&#038;d=mm&#038;r=g' srcset='https:\/\/secure.gravatar.com\/avatar\/77921b0a77845cc275141b2ebd17eb8e7564f7533437fcb2d45cc5f62df80d41?s=140&#038;d=mm&#038;r=g 2x' class='avatar avatar-70 photo' height='70' width='70' \/><\/a><div class=\"text\"><a href=\"https:\/\/uncover.ces.uc.pt\/en\/author\/uncover_admin\/\" rel=\"author\">uncover_admin<\/a><span>April 18, 2024<\/span><\/div><\/div>        <\/div>\n      <\/div>\n    <\/div>\n  <\/div>\n<\/article>    \n    <\/div><!--\/posts container-->\n    \n      \n<\/div><!--\/post area-->\n\n  \n\n<\/div>\n\n<div class=\"divider-wrap\" data-alignment=\"default\"><div style=\"height: 25px;\" class=\"divider\"><\/div><\/div>\n\t\t\t<\/div> \n\t\t<\/div>\n\t<\/div> \n<\/div><\/div>","protected":false},"excerpt":{"rendered":"Narges Mohammadi e o Nobel para a Paz Por Sofia Jos\u00e9 Santos, Daniela Nascimento, Jos\u00e9 Manuel Pureza A 6 de Outubro foi atribu\u00eddo a Narges Mohammadi o Pr\u00e9mio Nobel da...","protected":false},"author":2,"featured_media":0,"parent":0,"menu_order":0,"comment_status":"closed","ping_status":"closed","template":"","meta":{"footnotes":""},"class_list":["post-6475","page","type-page","status-publish"],"_links":{"self":[{"href":"https:\/\/uncover.ces.uc.pt\/en\/wp-json\/wp\/v2\/pages\/6475","targetHints":{"allow":["GET"]}}],"collection":[{"href":"https:\/\/uncover.ces.uc.pt\/en\/wp-json\/wp\/v2\/pages"}],"about":[{"href":"https:\/\/uncover.ces.uc.pt\/en\/wp-json\/wp\/v2\/types\/page"}],"author":[{"embeddable":true,"href":"https:\/\/uncover.ces.uc.pt\/en\/wp-json\/wp\/v2\/users\/2"}],"replies":[{"embeddable":true,"href":"https:\/\/uncover.ces.uc.pt\/en\/wp-json\/wp\/v2\/comments?post=6475"}],"version-history":[{"count":4,"href":"https:\/\/uncover.ces.uc.pt\/en\/wp-json\/wp\/v2\/pages\/6475\/revisions"}],"predecessor-version":[{"id":6950,"href":"https:\/\/uncover.ces.uc.pt\/en\/wp-json\/wp\/v2\/pages\/6475\/revisions\/6950"}],"wp:attachment":[{"href":"https:\/\/uncover.ces.uc.pt\/en\/wp-json\/wp\/v2\/media?parent=6475"}],"curies":[{"name":"wp","href":"https:\/\/api.w.org\/{rel}","templated":true}]}}