{"id":6461,"date":"2023-11-24T17:55:58","date_gmt":"2023-11-24T17:55:58","guid":{"rendered":"https:\/\/uncover.ces.uc.pt\/?page_id=6461"},"modified":"2024-03-21T14:50:52","modified_gmt":"2024-03-21T14:50:52","slug":"numeros-tematicos","status":"publish","type":"page","link":"https:\/\/uncover.ces.uc.pt\/en\/numeros-tematicos\/","title":{"rendered":"Special Issues"},"content":{"rendered":"<div id=\"fws_69db31b54ddee\"  data-column-margin=\"default\" data-midnight=\"dark\"  class=\"wpb_row vc_row-fluid vc_row full-width-section parallax_section\"  style=\"padding-top: 175px; padding-bottom: 100px; \"><div class=\"row-bg-wrap\" data-bg-animation=\"zoom-out-slow\" data-bg-animation-delay=\"\" data-bg-overlay=\"true\"><div class=\"inner-wrap row-bg-layer using-image\" ><div class=\"row-bg viewport-desktop using-image\" data-parallax-speed=\"slow\" style=\"background-image: url(https:\/\/uncover.ces.uc.pt\/wp-content\/uploads\/2023\/10\/top-view-books-arrangement.jpg); background-position: left top; background-repeat: no-repeat; \"><\/div><\/div><div class=\"row-bg-overlay row-bg-layer\" style=\"background: #000000; background: linear-gradient(to bottom,#000000 0%,#1c3f8c 100%);  opacity: 0.95; \"><\/div><\/div><div class=\"row_col_wrap_12 col span_12 dark left\">\n\t<div  class=\"vc_col-sm-12 wpb_column column_container vc_column_container col no-extra-padding inherit_tablet inherit_phone\"  data-padding-pos=\"all\" data-has-bg-color=\"false\" data-bg-color=\"\" data-bg-opacity=\"1\" data-animation=\"\" data-delay=\"0\" >\n\t\t<div class=\"vc_column-inner\" >\n\t\t\t<div class=\"wpb_wrapper\">\n\t\t\t\t\n<div class=\"wpb_text_column wpb_content_element  wpb_animate_when_almost_visible wpb_fadeInUp fadeInUp\" >\n\t<div class=\"wpb_wrapper\">\n\t\t<h1 style=\"text-align: center; color: white !important;\">Special Issues<\/h1>\n\t<\/div>\n<\/div>\n\n\n\n<div class=\"divider-wrap\" data-alignment=\"center\"><div style=\"margin-top: 37.5px; width: 20%; height: 5px; margin-bottom: 37.5px;\" data-width=\"20%\" data-animate=\"yes\" data-animation-delay=\"\" data-color=\"extra-color-gradient-2\" class=\"divider-small-border\"><\/div><\/div>\n\t\t\t<\/div> \n\t\t<\/div>\n\t<\/div> \n<\/div><\/div>\n\t\t<div id=\"fws_69db31b54e719\"  data-column-margin=\"default\" data-midnight=\"dark\"  class=\"wpb_row vc_row-fluid vc_row full-width-section\"  style=\"padding-top: 100px; padding-bottom: 100px; \"><div class=\"row-bg-wrap\" data-bg-animation=\"none\" data-bg-animation-delay=\"\" data-bg-overlay=\"true\"><div class=\"inner-wrap row-bg-layer\" ><div class=\"row-bg viewport-desktop\"  style=\"\"><\/div><\/div><div class=\"row-bg-overlay row-bg-layer\" style=\"background-color:#ffffff;  opacity: 0.8; \"><\/div><\/div><div class=\"row_col_wrap_12 col span_12 dark left\">\n\t<div  class=\"vc_col-sm-12 wpb_column column_container vc_column_container col has-animation no-extra-padding inherit_tablet inherit_phone\"  data-padding-pos=\"all\" data-has-bg-color=\"false\" data-bg-color=\"\" data-bg-opacity=\"1\" data-animation=\"reveal-from-left\" data-delay=\"0\" >\n\t\t<div class=\"vc_column-inner\" >\n\t\t\t<div class=\"wpb_wrapper\">\n\t\t\t\t\n<div class=\"row\">\n\n <div class=\"post-area col featured_img_left span_12 col_last\" data-ams=\"\" data-remove-post-date=\"1\" data-remove-post-author=\"1\" data-remove-post-comment-number=\"1\" data-remove-post-nectar-love=\"1\"> <div class=\"posts-container\" data-load-animation=\"none\">     \n     \n<article id=\"post-7378\" class=\"post-7378 post type-post status-publish format-standard has-post-thumbnail category-numeros-tematicos\">  \n  <div class=\"inner-wrap animated\">\n    <div class=\"post-content\">\n      <div class=\"article-content-wrap\">\n        <div class=\"post-featured-img-wrap\">\n          <a href=\"https:\/\/uncover.ces.uc.pt\/en\/2025\/11\/17\/aesthetic-interventions-to-gender-based-violence-and-sexual-violence\/\" aria-label=\"Aesthetic Interventions to Gender-Based Violence and Sexual Violence\"><span class=\"post-featured-img\"><img loading=\"lazy\" decoding=\"async\" width=\"900\" height=\"600\" src=\"https:\/\/uncover.ces.uc.pt\/wp-content\/uploads\/2025\/11\/special-issue.png\" class=\"attachment-wide_photography size-wide_photography skip-lazy wp-post-image\" alt=\"\" title=\"\" sizes=\"auto, (min-width: 690px) 40vw, 100vw\" srcset=\"https:\/\/uncover.ces.uc.pt\/wp-content\/uploads\/2025\/11\/special-issue.png 900w, https:\/\/uncover.ces.uc.pt\/wp-content\/uploads\/2025\/11\/special-issue-300x200.png 300w, https:\/\/uncover.ces.uc.pt\/wp-content\/uploads\/2025\/11\/special-issue-768x512.png 768w, https:\/\/uncover.ces.uc.pt\/wp-content\/uploads\/2025\/11\/special-issue-18x12.png 18w\" \/><\/span><\/a>          \n        <\/div>\n        <div class=\"post-content-wrap\">\n          <a class=\"entire-meta-link\" href=\"https:\/\/uncover.ces.uc.pt\/en\/2025\/11\/17\/aesthetic-interventions-to-gender-based-violence-and-sexual-violence\/\"><span class=\"screen-reader-text\">Aesthetic Interventions to Gender-Based Violence and Sexual Violence<\/span><\/a>\n          <span class=\"meta-category\"><a class=\"numeros-tematicos\" href=\"https:\/\/uncover.ces.uc.pt\/en\/category\/numeros-tematicos\/\">Special Issues<\/a><\/span>          \n          <div class=\"post-header\">\n            <h3 class=\"title\"><a href=\"https:\/\/uncover.ces.uc.pt\/en\/2025\/11\/17\/aesthetic-interventions-to-gender-based-violence-and-sexual-violence\/\"> Aesthetic Interventions to Gender-Based Violence and Sexual Violence<\/a><\/h3>\n          <\/div>\n          \n          <div class=\"excerpt\">Foi publicado o special issue Aesthetic Interventions to Gender-Based Violence and Sexual Violence da European&hellip;<\/div><div class=\"grav-wrap\"><a href=\"https:\/\/uncover.ces.uc.pt\/en\/author\/uncover_admin\/\"><img alt='uncover_admin' src='https:\/\/secure.gravatar.com\/avatar\/77921b0a77845cc275141b2ebd17eb8e7564f7533437fcb2d45cc5f62df80d41?s=70&#038;d=mm&#038;r=g' srcset='https:\/\/secure.gravatar.com\/avatar\/77921b0a77845cc275141b2ebd17eb8e7564f7533437fcb2d45cc5f62df80d41?s=140&#038;d=mm&#038;r=g 2x' class='avatar avatar-70 photo' height='70' width='70' \/><\/a><div class=\"text\"><a href=\"https:\/\/uncover.ces.uc.pt\/en\/author\/uncover_admin\/\" rel=\"author\">uncover_admin<\/a><span>November 17, 2025<\/span><\/div><\/div>        <\/div>\n      <\/div>\n    <\/div>\n  <\/div>\n<\/article>     \n     \n<article id=\"post-7030\" class=\"post-7030 post type-post status-publish format-standard has-post-thumbnail category-numeros-tematicos\">  \n  <div class=\"inner-wrap animated\">\n    <div class=\"post-content\">\n      <div class=\"article-content-wrap\">\n        <div class=\"post-featured-img-wrap\">\n          <a href=\"https:\/\/uncover.ces.uc.pt\/en\/2024\/06\/17\/chamada-para-artigos-sexual-violence-in-the-media\/\" aria-label=\"Chamada para artigos | Sexual Violence in the Media\"><span class=\"post-featured-img\"><img loading=\"lazy\" decoding=\"async\" width=\"900\" height=\"600\" src=\"https:\/\/uncover.ces.uc.pt\/wp-content\/uploads\/2024\/06\/Screenshot-2026-02-16-092845.jpg\" class=\"attachment-wide_photography size-wide_photography skip-lazy wp-post-image\" alt=\"\" title=\"\" sizes=\"auto, (min-width: 690px) 40vw, 100vw\" srcset=\"https:\/\/uncover.ces.uc.pt\/wp-content\/uploads\/2024\/06\/Screenshot-2026-02-16-092845.jpg 900w, https:\/\/uncover.ces.uc.pt\/wp-content\/uploads\/2024\/06\/Screenshot-2026-02-16-092845-300x200.jpg 300w, https:\/\/uncover.ces.uc.pt\/wp-content\/uploads\/2024\/06\/Screenshot-2026-02-16-092845-768x512.jpg 768w, https:\/\/uncover.ces.uc.pt\/wp-content\/uploads\/2024\/06\/Screenshot-2026-02-16-092845-18x12.jpg 18w\" \/><\/span><\/a>          \n        <\/div>\n        <div class=\"post-content-wrap\">\n          <a class=\"entire-meta-link\" href=\"https:\/\/uncover.ces.uc.pt\/en\/2024\/06\/17\/chamada-para-artigos-sexual-violence-in-the-media\/\"><span class=\"screen-reader-text\">Chamada para artigos | Sexual Violence in the Media<\/span><\/a>\n          <span class=\"meta-category\"><a class=\"numeros-tematicos\" href=\"https:\/\/uncover.ces.uc.pt\/en\/category\/numeros-tematicos\/\">Special Issues<\/a><\/span>          \n          <div class=\"post-header\">\n            <h3 class=\"title\"><a href=\"https:\/\/uncover.ces.uc.pt\/en\/2024\/06\/17\/chamada-para-artigos-sexual-violence-in-the-media\/\"> Chamada para artigos | Sexual Violence in the Media<\/a><\/h3>\n          <\/div>\n          \n          <div class=\"excerpt\">Est\u00e1 a decorrer at\u00e9 31 de julho de 2026 a chamada para artigos para o&hellip;<\/div><div class=\"grav-wrap\"><a href=\"https:\/\/uncover.ces.uc.pt\/en\/author\/uncover_admin\/\"><img alt='uncover_admin' src='https:\/\/secure.gravatar.com\/avatar\/77921b0a77845cc275141b2ebd17eb8e7564f7533437fcb2d45cc5f62df80d41?s=70&#038;d=mm&#038;r=g' srcset='https:\/\/secure.gravatar.com\/avatar\/77921b0a77845cc275141b2ebd17eb8e7564f7533437fcb2d45cc5f62df80d41?s=140&#038;d=mm&#038;r=g 2x' class='avatar avatar-70 photo' height='70' width='70' \/><\/a><div class=\"text\"><a href=\"https:\/\/uncover.ces.uc.pt\/en\/author\/uncover_admin\/\" rel=\"author\">uncover_admin<\/a><span>February 16, 2026<\/span><\/div><\/div>        <\/div>\n      <\/div>\n    <\/div>\n  <\/div>\n<\/article>     \n     \n<article id=\"post-7169\" class=\"post-7169 post type-post status-publish format-standard has-post-thumbnail category-numeros-tematicos\">  \n  <div class=\"inner-wrap animated\">\n    <div class=\"post-content\">\n      <div class=\"article-content-wrap\">\n        <div class=\"post-featured-img-wrap\">\n          <a href=\"https:\/\/uncover.ces.uc.pt\/en\/2025\/03\/29\/chamada-para-artigos-consentimento-e-violencia-sexual-ate-2-de-junho-de-2025\/\" aria-label=\"N\u00famero Tem\u00e1tico: Consentimento e Viol\u00eancia Sexual\"><span class=\"post-featured-img\"><img loading=\"lazy\" decoding=\"async\" width=\"900\" height=\"600\" src=\"https:\/\/uncover.ces.uc.pt\/wp-content\/uploads\/2025\/03\/615408632_1589486496008268_7157305917476153221_n-900x600.jpg\" class=\"attachment-wide_photography size-wide_photography skip-lazy wp-post-image\" alt=\"\" title=\"\" sizes=\"auto, (min-width: 690px) 40vw, 100vw\" srcset=\"https:\/\/uncover.ces.uc.pt\/wp-content\/uploads\/2025\/03\/615408632_1589486496008268_7157305917476153221_n-900x600.jpg 900w, https:\/\/uncover.ces.uc.pt\/wp-content\/uploads\/2025\/03\/615408632_1589486496008268_7157305917476153221_n-18x12.jpg 18w\" \/><\/span><\/a>          \n        <\/div>\n        <div class=\"post-content-wrap\">\n          <a class=\"entire-meta-link\" href=\"https:\/\/uncover.ces.uc.pt\/en\/2025\/03\/29\/chamada-para-artigos-consentimento-e-violencia-sexual-ate-2-de-junho-de-2025\/\"><span class=\"screen-reader-text\">N\u00famero Tem\u00e1tico: Consentimento e Viol\u00eancia Sexual<\/span><\/a>\n          <span class=\"meta-category\"><a class=\"numeros-tematicos\" href=\"https:\/\/uncover.ces.uc.pt\/en\/category\/numeros-tematicos\/\">Special Issues<\/a><\/span>          \n          <div class=\"post-header\">\n            <h3 class=\"title\"><a href=\"https:\/\/uncover.ces.uc.pt\/en\/2025\/03\/29\/chamada-para-artigos-consentimento-e-violencia-sexual-ate-2-de-junho-de-2025\/\"> N\u00famero Tem\u00e1tico: Consentimento e Viol\u00eancia Sexual<\/a><\/h3>\n          <\/div>\n          \n          <div class=\"excerpt\">J\u00e1 se encontra publicado e dispon\u00edvel em acesso aberto o n\u00famero tem\u00e1tico \u201cConsentimento e Viol\u00eancia&hellip;<\/div><div class=\"grav-wrap\"><a href=\"https:\/\/uncover.ces.uc.pt\/en\/author\/uncover_admin\/\"><img alt='uncover_admin' src='https:\/\/secure.gravatar.com\/avatar\/77921b0a77845cc275141b2ebd17eb8e7564f7533437fcb2d45cc5f62df80d41?s=70&#038;d=mm&#038;r=g' srcset='https:\/\/secure.gravatar.com\/avatar\/77921b0a77845cc275141b2ebd17eb8e7564f7533437fcb2d45cc5f62df80d41?s=140&#038;d=mm&#038;r=g 2x' class='avatar avatar-70 photo' height='70' width='70' \/><\/a><div class=\"text\"><a href=\"https:\/\/uncover.ces.uc.pt\/en\/author\/uncover_admin\/\" rel=\"author\">uncover_admin<\/a><span>February 16, 2026<\/span><\/div><\/div>        <\/div>\n      <\/div>\n    <\/div>\n  <\/div>\n<\/article>    \n    <\/div><!--\/posts container-->\n    \n      \n<\/div><!--\/post area-->\n\n  \n\n<\/div>\n\n<div class=\"divider-wrap\" data-alignment=\"default\"><div style=\"height: 25px;\" class=\"divider\"><\/div><\/div>\n\t\t\t<\/div> \n\t\t<\/div>\n\t<\/div> \n<\/div><\/div>","protected":false},"excerpt":{"rendered":"J\u00e1 se encontra publicado e dispon\u00edvel em acesso aberto o n\u00famero tem\u00e1tico \u201cConsentimento e Viol\u00eancia Sexual\u201d, editado por Maria Jo\u00e3o Faustino (CES, Universidade de Coimbra), Isabel Ventura (CEMRI\/Universidade Aberta) e...","protected":false},"author":2,"featured_media":0,"parent":0,"menu_order":0,"comment_status":"closed","ping_status":"closed","template":"","meta":{"footnotes":""},"class_list":["post-6461","page","type-page","status-publish"],"_links":{"self":[{"href":"https:\/\/uncover.ces.uc.pt\/en\/wp-json\/wp\/v2\/pages\/6461","targetHints":{"allow":["GET"]}}],"collection":[{"href":"https:\/\/uncover.ces.uc.pt\/en\/wp-json\/wp\/v2\/pages"}],"about":[{"href":"https:\/\/uncover.ces.uc.pt\/en\/wp-json\/wp\/v2\/types\/page"}],"author":[{"embeddable":true,"href":"https:\/\/uncover.ces.uc.pt\/en\/wp-json\/wp\/v2\/users\/2"}],"replies":[{"embeddable":true,"href":"https:\/\/uncover.ces.uc.pt\/en\/wp-json\/wp\/v2\/comments?post=6461"}],"version-history":[{"count":5,"href":"https:\/\/uncover.ces.uc.pt\/en\/wp-json\/wp\/v2\/pages\/6461\/revisions"}],"predecessor-version":[{"id":6505,"href":"https:\/\/uncover.ces.uc.pt\/en\/wp-json\/wp\/v2\/pages\/6461\/revisions\/6505"}],"wp:attachment":[{"href":"https:\/\/uncover.ces.uc.pt\/en\/wp-json\/wp\/v2\/media?parent=6461"}],"curies":[{"name":"wp","href":"https:\/\/api.w.org\/{rel}","templated":true}]}}