{"id":6185,"date":"2023-10-18T13:31:43","date_gmt":"2023-10-18T13:31:43","guid":{"rendered":"https:\/\/uncover.ces.uc.pt\/?page_id=6185"},"modified":"2024-04-02T11:28:17","modified_gmt":"2024-04-02T11:28:17","slug":"politica-de-privacidade","status":"publish","type":"page","link":"https:\/\/uncover.ces.uc.pt\/en\/politica-de-privacidade\/","title":{"rendered":"Privacy Policy"},"content":{"rendered":"<div id=\"fws_69d7baa71ebd3\"  data-column-margin=\"default\" data-midnight=\"dark\"  class=\"wpb_row vc_row-fluid vc_row full-width-section parallax_section\"  style=\"padding-top: 175px; padding-bottom: 100px; \"><div class=\"row-bg-wrap\" data-bg-animation=\"zoom-out-slow\" data-bg-animation-delay=\"\" data-bg-overlay=\"true\"><div class=\"inner-wrap row-bg-layer using-image\" ><div class=\"row-bg viewport-desktop using-image\" data-parallax-speed=\"slow\" style=\"background-image: url(https:\/\/uncover.ces.uc.pt\/wp-content\/uploads\/2023\/10\/top-view-books-arrangement.jpg); background-position: left top; background-repeat: no-repeat; \"><\/div><\/div><div class=\"row-bg-overlay row-bg-layer\" style=\"background: #000000; background: linear-gradient(to bottom,#000000 0%,#1c3f8c 100%);  opacity: 0.95; \"><\/div><\/div><div class=\"row_col_wrap_12 col span_12 dark left\">\n\t<div  class=\"vc_col-sm-12 wpb_column column_container vc_column_container col no-extra-padding inherit_tablet inherit_phone\"  data-padding-pos=\"all\" data-has-bg-color=\"false\" data-bg-color=\"\" data-bg-opacity=\"1\" data-animation=\"\" data-delay=\"0\" >\n\t\t<div class=\"vc_column-inner\" >\n\t\t\t<div class=\"wpb_wrapper\">\n\t\t\t\t\n<div class=\"wpb_text_column wpb_content_element\" >\n\t<div class=\"wpb_wrapper\">\n\t\t<h1 style=\"text-align: center; color: white;\">Privacy Policy<\/h1>\n\t<\/div>\n<\/div>\n\n\n\n<div class=\"divider-wrap\" data-alignment=\"center\"><div style=\"margin-top: 37.5px; width: 20%; height: 5px; margin-bottom: 37.5px;\" data-width=\"20%\" data-animate=\"\" data-animation-delay=\"\" data-color=\"extra-color-gradient-2\" class=\"divider-small-border\"><\/div><\/div>\n\t\t\t<\/div> \n\t\t<\/div>\n\t<\/div> \n<\/div><\/div>\n\t\t<div id=\"fws_69d7baa71efb0\"  data-column-margin=\"default\" data-midnight=\"dark\"  class=\"wpb_row vc_row-fluid vc_row full-width-section\"  style=\"padding-top: 100px; padding-bottom: 100px; \"><div class=\"row-bg-wrap\" data-bg-animation=\"none\" data-bg-animation-delay=\"\" data-bg-overlay=\"false\"><div class=\"inner-wrap row-bg-layer\" ><div class=\"row-bg viewport-desktop\"  style=\"\"><\/div><\/div><\/div><div class=\"row_col_wrap_12 col span_12 dark left\">\n\t<div  class=\"vc_col-sm-12 wpb_column column_container vc_column_container col no-extra-padding inherit_tablet inherit_phone\"  data-padding-pos=\"all\" data-has-bg-color=\"false\" data-bg-color=\"\" data-bg-opacity=\"1\" data-animation=\"\" data-delay=\"0\" >\n\t\t<div class=\"vc_column-inner\" >\n\t\t\t<div class=\"wpb_wrapper\">\n\t\t\t\t\n<div class=\"wpb_text_column wpb_content_element\" >\n\t<div class=\"wpb_wrapper\">\n\t\t<h3 class=\"wp-block-heading\">Who we are<\/h3>\n<p>O endere\u00e7o do nosso site \u00e9: <a href=\"https:\/\/uncover.ces.uc.pt.\"><strong>https:\/\/uncover.ces.uc.pt.<\/strong><\/a><\/p>\n<h3 class=\"wp-block-heading\">Comments<\/h3>\n<p>When visitors leave comments on the site, the data in the comments form, as well as the IP address and browser user agent, are saved to help with spam detection.<\/p>\n<p>An anonymized string created from your email address (also called a hash) may be sent to the Gravatar service to see if you are using it. The Gravatar service privacy policy is available here: https:\/\/automattic.com\/privacy\/. After your comment is approved, your profile picture is visible to the public in the context of your comment.<\/p>\n<h3 class=\"wp-block-heading\">Multimedia<\/h3>\n<p>When uploading images to the website, you should avoid uploading images with embedded geolocation data (EXIF GPS). Visitors can download and extract geolocation data from images on the website.<\/p>\n<h3 class=\"wp-block-heading\">Cookies<\/h3>\n<p>If you leave a comment on our site you may choose to save your name, email address and website in cookies. This is for your convenience so that you do not have to fill in your details again when you leave another comment. These cookies will last for a year.<\/p>\n<p>If you visit the login page, a temporary cookie will be set to determine whether your browser accepts cookies. This cookie does not contain personal data and will be deleted when you close your browser.<\/p>\n<p>When logging in, some cookies will be set to save your session information and your screen display choices. Session login cookies last for one year. If you select \u201cRemember me\u201d, your session will persist for two weeks. When you end your session, your login cookies will be removed.<\/p>\n<p>If you edit or publish an article, an additional cookie will be saved in your browser. This cookie does not include personal data, it only indicates the content ID of the article you just edited. Expires after 1 day.<\/p>\n<h3 class=\"wp-block-heading\">Embedded content from other websites<\/h3>\n<p>Articles on this site may include embedded content (e.g. videos, images, articles, etc.). Embedded content from other websites behaves as if the user visited those websites.<\/p>\n<p>This website may collect data about you, use cookies, incorporate tracking made by third parties, monitor your interactions with it, including recording interactions with embedded content if you have an account and are logged in to that website.<\/p>\n<h3 class=\"wp-block-heading\">Who is your data shared with?<\/h3>\n<p>If you request a password reset, your IP address will be included in the reset email.<\/p>\n<h3 class=\"wp-block-heading\">How long is your data retained<\/h3>\n<p>If you leave a comment, the comment and its metadata are saved indefinitely. This is so that you can automatically recognize and approve any follow-up comments, rather than placing them in a moderation queue.<\/p>\n<p>For users who register on our website (if any), we store the personal information provided in your user profile. All users can view, edit, or delete their personal information at any time (with the exception that they cannot change their username). Site administrators can also view and edit this information.<\/p>\n<h3 class=\"wp-block-heading\">What rights do you have over your data<\/h3>\n<p>If you have an account on this site, or have left comments, you can request to receive an export file of the personal data held about you, including any personal data you have provided. You can also request that saved data be deleted. This does not include any personal data that is mandatory to keep for administrative, legal or security purposes.<\/p>\n<h3 class=\"wp-block-heading\">Where your data is sent<\/h3>\n<p>Visitor comments may be checked using an automatic spam detection service.<\/p>\n\t<\/div>\n<\/div>\n\n\n\n\n\t\t\t<\/div> \n\t\t<\/div>\n\t<\/div> \n<\/div><\/div>","protected":false},"excerpt":{"rendered":"Pol\u00edtica de Privacidade Quem somos O endere\u00e7o do nosso site \u00e9: https:\/\/uncover.ces.uc.pt. Coment\u00e1rios Quando os visitantes deixam coment\u00e1rios no site, s\u00e3o guardados os dados presentes no formul\u00e1rio dos coment\u00e1rios, bem...","protected":false},"author":2,"featured_media":0,"parent":0,"menu_order":0,"comment_status":"closed","ping_status":"closed","template":"","meta":{"footnotes":""},"class_list":["post-6185","page","type-page","status-publish"],"_links":{"self":[{"href":"https:\/\/uncover.ces.uc.pt\/en\/wp-json\/wp\/v2\/pages\/6185","targetHints":{"allow":["GET"]}}],"collection":[{"href":"https:\/\/uncover.ces.uc.pt\/en\/wp-json\/wp\/v2\/pages"}],"about":[{"href":"https:\/\/uncover.ces.uc.pt\/en\/wp-json\/wp\/v2\/types\/page"}],"author":[{"embeddable":true,"href":"https:\/\/uncover.ces.uc.pt\/en\/wp-json\/wp\/v2\/users\/2"}],"replies":[{"embeddable":true,"href":"https:\/\/uncover.ces.uc.pt\/en\/wp-json\/wp\/v2\/comments?post=6185"}],"version-history":[{"count":11,"href":"https:\/\/uncover.ces.uc.pt\/en\/wp-json\/wp\/v2\/pages\/6185\/revisions"}],"predecessor-version":[{"id":6873,"href":"https:\/\/uncover.ces.uc.pt\/en\/wp-json\/wp\/v2\/pages\/6185\/revisions\/6873"}],"wp:attachment":[{"href":"https:\/\/uncover.ces.uc.pt\/en\/wp-json\/wp\/v2\/media?parent=6185"}],"curies":[{"name":"wp","href":"https:\/\/api.w.org\/{rel}","templated":true}]}}