{"id":5963,"date":"2023-10-17T15:35:48","date_gmt":"2023-10-17T15:35:48","guid":{"rendered":"https:\/\/uncover.ces.uc.pt\/?page_id=5963"},"modified":"2024-04-19T12:31:44","modified_gmt":"2024-04-19T12:31:44","slug":"financiamento","status":"publish","type":"page","link":"https:\/\/uncover.ces.uc.pt\/en\/financiamento\/","title":{"rendered":"Funding"},"content":{"rendered":"<div id=\"fws_69eadb1db8b79\"  data-column-margin=\"default\" data-midnight=\"dark\"  class=\"wpb_row vc_row-fluid vc_row full-width-section vc_row-o-full-height vc_row-o-columns-middle vc_row-o-equal-height vc_row-flex\"  style=\"padding-top: 0px; padding-bottom: 0px; \"><div class=\"row-bg-wrap\" data-bg-animation=\"none\" data-bg-animation-delay=\"\" data-bg-overlay=\"true\"><div class=\"inner-wrap row-bg-layer using-image\" ><div class=\"row-bg viewport-desktop using-image\"  style=\"background-image: url(https:\/\/uncover.ces.uc.pt\/wp-content\/uploads\/2023\/10\/ces_10.jpeg); background-position: center center; background-repeat: no-repeat; \"><\/div><\/div><div class=\"row-bg-overlay row-bg-layer\" style=\"background: #000000; background: linear-gradient(to bottom,#000000 0%,#1c3f8c 100%);  opacity: 0.8; \"><\/div><\/div><div class=\"row_col_wrap_12 col span_12 dark left\">\n\t<div  class=\"vc_col-sm-12 wpb_column column_container vc_column_container col no-extra-padding inherit_tablet inherit_phone\"  data-padding-pos=\"all\" data-has-bg-color=\"false\" data-bg-color=\"\" data-bg-opacity=\"1\" data-animation=\"\" data-delay=\"0\" >\n\t\t<div class=\"vc_column-inner\" >\n\t\t\t<div class=\"wpb_wrapper\">\n\t\t\t\t\n<div class=\"wpb_text_column wpb_content_element  wpb_animate_when_almost_visible wpb_fadeInUp fadeInUp\" >\n\t<div class=\"wpb_wrapper\">\n\t\t<h1 style=\"text-align: center; color: white;\">Funding<\/h1>\n\t<\/div>\n<\/div>\n\n\n\n<div class=\"divider-wrap\" data-alignment=\"center\"><div style=\"margin-top: 37.5px; width: 20%; height: 5px; margin-bottom: 37.5px;\" data-width=\"20%\" data-animate=\"yes\" data-animation-delay=\"\" data-color=\"extra-color-gradient-2\" class=\"divider-small-border\"><\/div><\/div>\n\t\t\t<\/div> \n\t\t<\/div>\n\t<\/div> \n<\/div><\/div>\n\t\t<div id=\"fws_69eadb1db907b\"  data-column-margin=\"default\" data-midnight=\"dark\"  class=\"wpb_row vc_row-fluid vc_row full-width-section\"  style=\"padding-top: 100px; padding-bottom: 100px; \"><div class=\"row-bg-wrap\" data-bg-animation=\"none\" data-bg-animation-delay=\"\" data-bg-overlay=\"true\"><div class=\"inner-wrap row-bg-layer\" ><div class=\"row-bg viewport-desktop\"  style=\"\"><\/div><\/div><div class=\"row-bg-overlay row-bg-layer\" style=\"background-color:#ffffff;  opacity: 0.8; \"><\/div><\/div><div class=\"row_col_wrap_12 col span_12 dark left\">\n\t<div  class=\"vc_col-sm-12 wpb_column column_container vc_column_container col has-animation no-extra-padding inherit_tablet inherit_phone\"  data-padding-pos=\"all\" data-has-bg-color=\"false\" data-bg-color=\"\" data-bg-opacity=\"1\" data-animation=\"reveal-from-bottom\" data-delay=\"0\" >\n\t\t<div class=\"vc_column-inner\" >\n\t\t\t<div class=\"wpb_wrapper\">\n\t\t\t\t\n<div class=\"wpb_text_column wpb_content_element\" >\n\t<div class=\"wpb_wrapper\">\n\t\t<div class=\"col span_12 dark left\">\n<div class=\"vc_col-sm-12 wpb_column column_container vc_column_container col no-extra-padding instance-1\" data-t-w-inherits=\"default\" data-border-radius=\"none\" data-shadow=\"none\" data-border-animation=\"\" data-border-animation-delay=\"\" data-border-width=\"none\" data-border-style=\"solid\" data-border-color=\"\" data-bg-cover=\"\" data-padding-pos=\"all\" data-has-bg-color=\"false\" data-bg-color=\"\" data-bg-opacity=\"1\" data-hover-bg=\"\" data-hover-bg-opacity=\"1\" data-animation=\"\" data-delay=\"0\">\n<div class=\"vc_column-inner\">\n<div class=\"wpb_wrapper\">\n<div class=\"wpb_text_column wpb_content_element\">\n<div class=\"wpb_wrapper\">\n<p>This work is financed by national funds through the FCT - Foundation for Science and Technology, I.P., under the project UnCoveR \u201cSexual Violence in Portuguese Mediascape\u201d DOI 10.54499\/2022.03964.PTDC (<a href=\"https:\/\/doi.org\/10.54499\/2022.03964.PTDC\">https:\/\/doi.org\/10.54499\/2022.03964.PTDC<\/a>)<\/p>\n<\/div>\n<\/div>\n<\/div>\n<\/div>\n<\/div>\n<\/div>\n\t<\/div>\n<\/div>\n\n\n\n<div class=\"img-with-aniamtion-wrap center\" data-max-width=\"100%\" data-max-width-mobile=\"default\" data-shadow=\"none\" data-animation=\"none\" >\n      <div class=\"inner\">\n        <div class=\"hover-wrap\"> \n          <div class=\"hover-wrap-inner\">\n            <img loading=\"lazy\" decoding=\"async\" class=\"img-with-animation fct-cutted skip-lazy\" data-delay=\"0\" height=\"1374\" width=\"6134\" data-animation=\"none\" src=\"https:\/\/uncover.ces.uc.pt\/wp-content\/uploads\/2023\/10\/FCT_CUTTED-1-01.png\" alt=\"\" srcset=\"https:\/\/uncover.ces.uc.pt\/wp-content\/uploads\/2023\/10\/FCT_CUTTED-1-01.png 6134w, https:\/\/uncover.ces.uc.pt\/wp-content\/uploads\/2023\/10\/FCT_CUTTED-1-01-300x67.png 300w, https:\/\/uncover.ces.uc.pt\/wp-content\/uploads\/2023\/10\/FCT_CUTTED-1-01-1024x229.png 1024w, https:\/\/uncover.ces.uc.pt\/wp-content\/uploads\/2023\/10\/FCT_CUTTED-1-01-768x172.png 768w, https:\/\/uncover.ces.uc.pt\/wp-content\/uploads\/2023\/10\/FCT_CUTTED-1-01-1536x344.png 1536w, https:\/\/uncover.ces.uc.pt\/wp-content\/uploads\/2023\/10\/FCT_CUTTED-1-01-2048x459.png 2048w\" sizes=\"auto, (max-width: 6134px) 100vw, 6134px\" \/>\n          <\/div>\n        <\/div>\n      <\/div>\n    <\/div>\n\t\t\t<\/div> \n\t\t<\/div>\n\t<\/div> \n<\/div><\/div>","protected":false},"excerpt":{"rendered":"Financiamento Este trabalho \u00e9 financiado pela Funda\u00e7\u00e3o para a Ci\u00eancia e a Tecnologia, I.P, atrav\u00e9s de fundos nacionais no \u00e2mbito do projeto UnCoveR \u201cViol\u00eancia sexual nas paisagens medi\u00e1ticas portuguesas\u201d. DOI...","protected":false},"author":2,"featured_media":0,"parent":0,"menu_order":0,"comment_status":"closed","ping_status":"closed","template":"","meta":{"footnotes":""},"class_list":["post-5963","page","type-page","status-publish"],"_links":{"self":[{"href":"https:\/\/uncover.ces.uc.pt\/en\/wp-json\/wp\/v2\/pages\/5963","targetHints":{"allow":["GET"]}}],"collection":[{"href":"https:\/\/uncover.ces.uc.pt\/en\/wp-json\/wp\/v2\/pages"}],"about":[{"href":"https:\/\/uncover.ces.uc.pt\/en\/wp-json\/wp\/v2\/types\/page"}],"author":[{"embeddable":true,"href":"https:\/\/uncover.ces.uc.pt\/en\/wp-json\/wp\/v2\/users\/2"}],"replies":[{"embeddable":true,"href":"https:\/\/uncover.ces.uc.pt\/en\/wp-json\/wp\/v2\/comments?post=5963"}],"version-history":[{"count":14,"href":"https:\/\/uncover.ces.uc.pt\/en\/wp-json\/wp\/v2\/pages\/5963\/revisions"}],"predecessor-version":[{"id":6963,"href":"https:\/\/uncover.ces.uc.pt\/en\/wp-json\/wp\/v2\/pages\/5963\/revisions\/6963"}],"wp:attachment":[{"href":"https:\/\/uncover.ces.uc.pt\/en\/wp-json\/wp\/v2\/media?parent=5963"}],"curies":[{"name":"wp","href":"https:\/\/api.w.org\/{rel}","templated":true}]}}