{"id":5960,"date":"2023-10-17T15:35:18","date_gmt":"2023-10-17T15:35:18","guid":{"rendered":"https:\/\/uncover.ces.uc.pt\/?page_id=5960"},"modified":"2024-04-02T11:34:30","modified_gmt":"2024-04-02T11:34:30","slug":"instituicao","status":"publish","type":"page","link":"https:\/\/uncover.ces.uc.pt\/en\/instituicao\/","title":{"rendered":"Institution"},"content":{"rendered":"<div id=\"fws_69d54e6f4a969\"  data-column-margin=\"default\" data-midnight=\"dark\"  class=\"wpb_row vc_row-fluid vc_row full-width-section vc_row-o-full-height vc_row-o-columns-middle vc_row-o-equal-height vc_row-flex\"  style=\"padding-top: 0px; padding-bottom: 0px; \"><div class=\"row-bg-wrap\" data-bg-animation=\"none\" data-bg-animation-delay=\"\" data-bg-overlay=\"true\"><div class=\"inner-wrap row-bg-layer using-image\" ><div class=\"row-bg viewport-desktop using-image\"  style=\"background-image: url(https:\/\/uncover.ces.uc.pt\/wp-content\/uploads\/2024\/01\/CES11.jpg); background-position: 0% 80%; background-repeat: no-repeat; \"><\/div><\/div><div class=\"row-bg-overlay row-bg-layer\" style=\"background: #000000; background: linear-gradient(to bottom,#000000 0%,#1c3f8c 100%);  opacity: 0.8; \"><\/div><\/div><div class=\"row_col_wrap_12 col span_12 dark left\">\n\t<div  class=\"vc_col-sm-12 wpb_column column_container vc_column_container col no-extra-padding inherit_tablet inherit_phone\"  data-padding-pos=\"all\" data-has-bg-color=\"false\" data-bg-color=\"\" data-bg-opacity=\"1\" data-animation=\"\" data-delay=\"0\" >\n\t\t<div class=\"vc_column-inner\" >\n\t\t\t<div class=\"wpb_wrapper\">\n\t\t\t\t\n<div class=\"wpb_text_column wpb_content_element  wpb_animate_when_almost_visible wpb_fadeInUp fadeInUp\" >\n\t<div class=\"wpb_wrapper\">\n\t\t<h1 style=\"text-align: center; color: white !important;\">Institution<\/h1>\n\t<\/div>\n<\/div>\n\n\n\n<div class=\"divider-wrap\" data-alignment=\"center\"><div style=\"margin-top: 37.5px; width: 20%; height: 5px; margin-bottom: 37.5px;\" data-width=\"20%\" data-animate=\"yes\" data-animation-delay=\"\" data-color=\"extra-color-gradient-2\" class=\"divider-small-border\"><\/div><\/div>\n\t\t\t<\/div> \n\t\t<\/div>\n\t<\/div> \n<\/div><\/div>\n\t\t<div id=\"fws_69d54e6f4aca6\"  data-column-margin=\"default\" data-midnight=\"dark\"  class=\"wpb_row vc_row-fluid vc_row full-width-section\"  style=\"padding-top: 100px; padding-bottom: 100px; \"><div class=\"row-bg-wrap\" data-bg-animation=\"none\" data-bg-animation-delay=\"\" data-bg-overlay=\"true\"><div class=\"inner-wrap row-bg-layer\" ><div class=\"row-bg viewport-desktop\"  style=\"\"><\/div><\/div><div class=\"row-bg-overlay row-bg-layer\" style=\"background-color:#ffffff;  opacity: 0.8; \"><\/div><\/div><div class=\"row_col_wrap_12 col span_12 dark left\">\n\t<div  class=\"vc_col-sm-12 wpb_column column_container vc_column_container col has-animation no-extra-padding inherit_tablet inherit_phone\"  data-padding-pos=\"all\" data-has-bg-color=\"false\" data-bg-color=\"\" data-bg-opacity=\"1\" data-animation=\"reveal-from-bottom\" data-delay=\"0\" >\n\t\t<div class=\"vc_column-inner\" >\n\t\t\t<div class=\"wpb_wrapper\">\n\t\t\t\t\n<div class=\"wpb_text_column wpb_content_element  instituicao-text\" >\n\t<div class=\"wpb_wrapper\">\n\t\t<p>The Centre for Social Studies of the University of Coimbra is a scientific institution focused on research and advanced training within the Social Sciences, the Arts and the Humanities, through an inter and transdisciplinary approach. The Ministry of Science granted CES the status of Associated Laboratory in 2002, recognizing its contribution to public policies, advanced training and the dissemination and sharing of knowledge.<br \/>\nSince its foundation, in 1978, CES has been conducting research with and for an inclusive, innovative and reflexive society by promoting creative critical approaches in the face of some of the most urging challenges of contemporary societies. Its goal is to continue engaging generations of exceptionally talented researchers and students in the field of Social Sciences and the Humanities. CES was classified as \"Excellent\" in the last international evaluation process carried out by the Portuguese Foundation for Science and Technology.<br \/>\nCurrently, CES offers 12 PhD Programs in partnership with the University of Coimbra and other entities and develops more than 92 research projects, with national and international funding, of different nature and dimensions. CES has more than 800 people in its structure, including Researchers, Post-Doctoral Researchers, Doctoral Students, Junior Researchers and Employees.<\/p>\n<p>Know more <a href=\"https:\/\/www.ces.uc.pt\/\" target=\"_blank\" rel=\"noopener\">here.<\/a><\/p>\n\t<\/div>\n<\/div>\n\n\n\n\n\t\t\t<\/div> \n\t\t<\/div>\n\t<\/div> \n<\/div><\/div>","protected":false},"excerpt":{"rendered":"Institui\u00e7\u00e3o O Centro de Estudos Sociais da Universidade de Coimbra \u00e9 uma institui\u00e7\u00e3o cient\u00edfica dedicada \u00e0 investiga\u00e7\u00e3o e \u00e0 forma\u00e7\u00e3o avan\u00e7ada nas ci\u00eancias sociais, nas artes e nas humanidades, atrav\u00e9s...","protected":false},"author":2,"featured_media":0,"parent":0,"menu_order":0,"comment_status":"closed","ping_status":"closed","template":"","meta":{"footnotes":""},"class_list":["post-5960","page","type-page","status-publish"],"_links":{"self":[{"href":"https:\/\/uncover.ces.uc.pt\/en\/wp-json\/wp\/v2\/pages\/5960","targetHints":{"allow":["GET"]}}],"collection":[{"href":"https:\/\/uncover.ces.uc.pt\/en\/wp-json\/wp\/v2\/pages"}],"about":[{"href":"https:\/\/uncover.ces.uc.pt\/en\/wp-json\/wp\/v2\/types\/page"}],"author":[{"embeddable":true,"href":"https:\/\/uncover.ces.uc.pt\/en\/wp-json\/wp\/v2\/users\/2"}],"replies":[{"embeddable":true,"href":"https:\/\/uncover.ces.uc.pt\/en\/wp-json\/wp\/v2\/comments?post=5960"}],"version-history":[{"count":29,"href":"https:\/\/uncover.ces.uc.pt\/en\/wp-json\/wp\/v2\/pages\/5960\/revisions"}],"predecessor-version":[{"id":6876,"href":"https:\/\/uncover.ces.uc.pt\/en\/wp-json\/wp\/v2\/pages\/5960\/revisions\/6876"}],"wp:attachment":[{"href":"https:\/\/uncover.ces.uc.pt\/en\/wp-json\/wp\/v2\/media?parent=5960"}],"curies":[{"name":"wp","href":"https:\/\/api.w.org\/{rel}","templated":true}]}}