{"id":5938,"date":"2022-08-02T01:38:16","date_gmt":"2022-08-02T01:38:16","guid":{"rendered":"https:\/\/themenectar.com\/salient\/saas\/?page_id=7"},"modified":"2024-04-18T09:36:22","modified_gmt":"2024-04-18T09:36:22","slug":"saas-landing-2","status":"publish","type":"page","link":"https:\/\/uncover.ces.uc.pt\/en\/","title":{"rendered":"Home"},"content":{"rendered":"<div id=\"fws_69dabb7377230\"  data-column-margin=\"default\" data-midnight=\"dark\"  class=\"wpb_row vc_row-fluid vc_row full-width-section parallax_section top_padding_tablet_150px top_padding_phone_150px bottom_padding_tablet_150px bottom_padding_phone_150px\"  style=\"padding-top: 225px; padding-bottom: 225px; \"><div class=\"row-bg-wrap\" data-bg-animation=\"zoom-out-slow\" data-bg-animation-delay=\"\" data-bg-overlay=\"true\"><div class=\"inner-wrap row-bg-layer using-image\" ><div class=\"row-bg viewport-desktop using-image using-bg-color\" data-parallax-speed=\"slow\" style=\"background-image: url(https:\/\/uncover.ces.uc.pt\/wp-content\/uploads\/2023\/11\/vanilla-bear-films-JEwNQerg3Hs-unsplash-1-1.jpg); background-position: center center; background-repeat: no-repeat; background-color: #ffffff; \"><\/div><\/div><div class=\"row-bg-overlay row-bg-layer\" style=\"background: #000000; background: linear-gradient(to bottom,#000000 0%,#1c3f8c 100%);  opacity: 0.8; \"><\/div><\/div><div class=\"row_col_wrap_12 col span_12 dark left\">\n\t<div  class=\"vc_col-sm-6 center-content wpb_column column_container vc_column_container col no-extra-padding inherit_tablet inherit_phone\"  data-padding-pos=\"all\" data-has-bg-color=\"false\" data-bg-color=\"\" data-bg-opacity=\"1\" data-animation=\"\" data-delay=\"0\" >\n\t\t<div class=\"vc_column-inner\" >\n\t\t\t<div class=\"wpb_wrapper\">\n\t\t\t\t<div class=\"img-with-aniamtion-wrap\" data-max-width=\"100%\" data-max-width-mobile=\"default\" data-shadow=\"none\" data-animation=\"fade-in-from-left\" >\n      <div class=\"inner\">\n        <div class=\"hover-wrap\"> \n          <div class=\"hover-wrap-inner\">\n            <img loading=\"lazy\" decoding=\"async\" class=\"img-with-animation logo-img-main skip-lazy\" data-delay=\"0\" height=\"409\" width=\"1738\" data-animation=\"fade-in-from-left\" src=\"https:\/\/uncover.ces.uc.pt\/wp-content\/uploads\/2023\/10\/logotipo_uncover_white.png\" alt=\"\" srcset=\"https:\/\/uncover.ces.uc.pt\/wp-content\/uploads\/2023\/10\/logotipo_uncover_white.png 1738w, https:\/\/uncover.ces.uc.pt\/wp-content\/uploads\/2023\/10\/logotipo_uncover_white-300x71.png 300w, https:\/\/uncover.ces.uc.pt\/wp-content\/uploads\/2023\/10\/logotipo_uncover_white-1024x241.png 1024w, https:\/\/uncover.ces.uc.pt\/wp-content\/uploads\/2023\/10\/logotipo_uncover_white-768x181.png 768w, https:\/\/uncover.ces.uc.pt\/wp-content\/uploads\/2023\/10\/logotipo_uncover_white-1536x361.png 1536w\" sizes=\"auto, (max-width: 1738px) 100vw, 1738px\" \/>\n          <\/div>\n        <\/div>\n      <\/div>\n    <\/div>\n\t\t\t<\/div> \n\t\t<\/div>\n\t<\/div> \n\n\t<div style=\" color: #ffffff;\" class=\"vc_col-sm-6 wpb_column column_container vc_column_container col no-extra-padding inherit_tablet inherit_phone\" data-cfc=\"true\"  data-padding-pos=\"all\" data-has-bg-color=\"false\" data-bg-color=\"\" data-bg-opacity=\"1\" data-animation=\"\" data-delay=\"0\" >\n\t\t<div class=\"vc_column-inner\" >\n\t\t\t<div class=\"wpb_wrapper\">\n\t\t\t\t\n<div class=\"wpb_text_column wpb_content_element  wpb_animate_when_almost_visible wpb_fadeInRight fadeInRight\" >\n\t<div class=\"wpb_wrapper\">\n\t\t<h3 style=\"text-transform: uppercase;\" class=\" translation-block\">Sexual Violence in <br> Portuguese Mediascape<\/h3>\n\t<\/div>\n<\/div>\n\n\n\n\n<div class=\"wpb_text_column wpb_content_element  wpb_animate_when_almost_visible wpb_fadeInRight fadeInRight vc_custom_1713432979557\" >\n\t<div class=\"wpb_wrapper\">\n\t\t<p>UnCoveR is the first-ever comprehensive transdisciplinary study about sexual violence in Portuguese mediascape. It examines how the media reported,  discussed and imagined sexual violence between 2011 and 2022, and how audiences interacted with these media narratives.<\/p>\n<p>Inaugurated by the Istanbul Convention, a legal-political landmark in the prevention of gender-based violence, this period is marked by media visibility of sexual violence and important institutional interventions and movements aimed at combating (the impunity of) this problem.<\/p>\n\t<\/div>\n<\/div>\n\n\n\n<a class=\"nectar-button jumbo see-through-2  wpb_animate_when_almost_visible wpb_fadeInRight fadeInRight\"  role=\"button\" style=\"margin-top: 35px; border-color: #ffffff; color: #ffffff;\"  href=\"https:\/\/uncover.ces.uc.pt\/en\/projeto\/\" data-color-override=\"#ffffff\" data-hover-color-override=\"false\" data-hover-text-color-override=\"#ffffff\"><span>Presentation<\/span><\/a>\n\t\t\t<\/div> \n\t\t<\/div>\n\t<\/div> \n<\/div><\/div>\n\t\t<div id=\"fws_69dabb7377d49\"  data-column-margin=\"default\" data-midnight=\"dark\"  class=\"wpb_row vc_row-fluid vc_row full-width-content vc_row-o-equal-height vc_row-flex vc_row-o-content-top parallax_section\"  style=\"padding-top: 0px; padding-bottom: 0px; \"><div class=\"row-bg-wrap\" data-bg-animation=\"zoom-out-slow\" data-bg-animation-delay=\"\" data-bg-overlay=\"true\"><div class=\"inner-wrap row-bg-layer using-image\" ><div class=\"row-bg viewport-desktop using-image\" data-parallax-speed=\"slow\" style=\"background-image: url(https:\/\/uncover.ces.uc.pt\/wp-content\/uploads\/2017\/09\/levi-bare-290789.jpg); background-position: left top; background-repeat: no-repeat; \"><\/div><\/div><div class=\"row-bg-overlay row-bg-layer\" style=\"background: #000000; background: linear-gradient(90deg,#000000 0%,#ff6b3d 100%);  opacity: 0.8; \"><\/div><\/div><div class=\"row_col_wrap_12 col span_12 dark left\">\n\t<div  class=\"vc_col-sm-12 center-content wpb_column column_container vc_column_container col no-extra-padding inherit_tablet inherit_phone\"  data-padding-pos=\"all\" data-has-bg-color=\"false\" data-bg-color=\"\" data-bg-opacity=\"1\" data-animation=\"\" data-delay=\"0\" >\n\t\t<div class=\"vc_column-inner\" >\n\t\t\t<div class=\"wpb_wrapper\">\n\t\t\t\t<div id=\"rps_69dabb737bfbc\" class=\"nectar-recent-posts-single_featured nectar-recent-posts-element multiple_featured parallax_section\" data-max-width=\"default\" data-button-color=\"accent-color\" data-nav-location=\"side\" data-bg-overlay=\"solid_color\" data-padding=\"10%\" data-autorotate=\"none\" data-height=\"600\" data-animate-in-effect=\"none\" data-remove-post-date=\"\" data-remove-post-author=\"1\" data-remove-post-comment-number=\"1\" data-remove-post-nectar-love=\"1\">\n      \n      <div class=\"nectar-recent-post-slide  active post-ref-0\">\n\n        <div class=\"row-bg using-image\" data-parallax-speed=\"fast\">\n          <div class=\"nectar-recent-post-bg\"  style=\"background-image: url(https:\/\/uncover.ces.uc.pt\/wp-content\/uploads\/2025\/11\/Julia-Politecnico.jpg); \"><\/div>\n        <\/div>\n\n        <div class=\"recent-post-container container\"><div class=\"inner-wrap\"><div class=\"grav-wrap\"><a href=\"https:\/\/uncover.ces.uc.pt\/en\/author\/uncover_admin\/\"><img alt='uncover_admin' src='https:\/\/secure.gravatar.com\/avatar\/77921b0a77845cc275141b2ebd17eb8e7564f7533437fcb2d45cc5f62df80d41?s=70&#038;d=mm&#038;r=g' srcset='https:\/\/secure.gravatar.com\/avatar\/77921b0a77845cc275141b2ebd17eb8e7564f7533437fcb2d45cc5f62df80d41?s=140&#038;d=mm&#038;r=g 2x' class='avatar avatar-70 photo' height='70' width='70' \/><\/a><div class=\"text\"><span>By <a href=\"https:\/\/uncover.ces.uc.pt\/en\/author\/uncover_admin\/\" rel=\"author\">uncover_admin<\/a><\/span><span> In<\/span> <a class=\"comunicacoes\" href=\"https:\/\/uncover.ces.uc.pt\/en\/category\/comunicacoes\/\"><span class=\"comunicacoes\">Presentations<\/span><\/a><\/div><\/div><h2 class=\"large-featured-post-title post-ref-1\">          <a href=\" https:\/\/uncover.ces.uc.pt\/en\/2025\/11\/17\/ii-encontro-igualdade-de-genero-e-nao-discriminacao-refletir-prevenir-e-agir\/\" class=\"full-slide-link\"> II Encontro &#8220;Igualdade de G\u00e9nero e N\u00e3o Discrimina\u00e7\u00e3o: refletir, prevenir e agir&#8221; <\/a>\n          <\/h2>\n                    <a class=\"nectar-button large regular accent-color regular-button has-icon\" data-arrow-style=\"default\" href=\"https:\/\/uncover.ces.uc.pt\/en\/2025\/11\/17\/ii-encontro-igualdade-de-genero-e-nao-discriminacao-refletir-prevenir-e-agir\/\" data-color-override=\"false\" data-hover-color-override=\"false\" data-hover-text-color-override=\"#fff\" >\n            <span>Read Article<\/span>\n            <i class=\"icon-button-arrow\"><\/i>          <\/a>\n\n\n\n          <\/div><!--\/inner-wrap-->\n\n        <\/div><!--\/recent-post-container-->\n\n      <\/div><!--\/nectar-recent-post-slide-->\n\n    \n  \n      \n      <div class=\"nectar-recent-post-slide   post-ref-2\">\n\n        <div class=\"row-bg using-image\" data-parallax-speed=\"fast\">\n          <div class=\"nectar-recent-post-bg\"  style=\"background-image: url(https:\/\/uncover.ces.uc.pt\/wp-content\/uploads\/2025\/12\/cine-barbaras-2.jpg); \"><\/div>\n        <\/div>\n\n        <div class=\"recent-post-container container\"><div class=\"inner-wrap\"><div class=\"grav-wrap\"><a href=\"https:\/\/uncover.ces.uc.pt\/en\/author\/uncover_admin\/\"><img alt='uncover_admin' src='https:\/\/secure.gravatar.com\/avatar\/77921b0a77845cc275141b2ebd17eb8e7564f7533437fcb2d45cc5f62df80d41?s=70&#038;d=mm&#038;r=g' srcset='https:\/\/secure.gravatar.com\/avatar\/77921b0a77845cc275141b2ebd17eb8e7564f7533437fcb2d45cc5f62df80d41?s=140&#038;d=mm&#038;r=g 2x' class='avatar avatar-70 photo' height='70' width='70' \/><\/a><div class=\"text\"><span>By <a href=\"https:\/\/uncover.ces.uc.pt\/en\/author\/uncover_admin\/\" rel=\"author\">uncover_admin<\/a><\/span><span> In<\/span> <a class=\"comunicacoes\" href=\"https:\/\/uncover.ces.uc.pt\/en\/category\/comunicacoes\/\"><span class=\"comunicacoes\">Presentations<\/span><\/a><\/div><\/div><h2 class=\"large-featured-post-title post-ref-1\">          <a href=\" https:\/\/uncover.ces.uc.pt\/en\/2025\/12\/27\/cine-barbaras-conferencia-de-cinema-e-audiovisual\/\" class=\"full-slide-link\"> Cine B\u00e1rbaras \u2013 Confer\u00eancia de Cinema e Audiovisual <\/a>\n          <\/h2>\n                    <a class=\"nectar-button large regular accent-color regular-button has-icon\" data-arrow-style=\"default\" href=\"https:\/\/uncover.ces.uc.pt\/en\/2025\/12\/27\/cine-barbaras-conferencia-de-cinema-e-audiovisual\/\" data-color-override=\"false\" data-hover-color-override=\"false\" data-hover-text-color-override=\"#fff\" >\n            <span>Read Article<\/span>\n            <i class=\"icon-button-arrow\"><\/i>          <\/a>\n\n\n\n          <\/div><!--\/inner-wrap-->\n\n        <\/div><!--\/recent-post-container-->\n\n      <\/div><!--\/nectar-recent-post-slide-->\n\n    \n  \n      \n      <div class=\"nectar-recent-post-slide   post-ref-2\">\n\n        <div class=\"row-bg using-image\" data-parallax-speed=\"fast\">\n          <div class=\"nectar-recent-post-bg\"  style=\"background-image: url(https:\/\/uncover.ces.uc.pt\/wp-content\/uploads\/2025\/11\/special-issue.png); \"><\/div>\n        <\/div>\n\n        <div class=\"recent-post-container container\"><div class=\"inner-wrap\"><div class=\"grav-wrap\"><a href=\"https:\/\/uncover.ces.uc.pt\/en\/author\/uncover_admin\/\"><img alt='uncover_admin' src='https:\/\/secure.gravatar.com\/avatar\/77921b0a77845cc275141b2ebd17eb8e7564f7533437fcb2d45cc5f62df80d41?s=70&#038;d=mm&#038;r=g' srcset='https:\/\/secure.gravatar.com\/avatar\/77921b0a77845cc275141b2ebd17eb8e7564f7533437fcb2d45cc5f62df80d41?s=140&#038;d=mm&#038;r=g 2x' class='avatar avatar-70 photo' height='70' width='70' \/><\/a><div class=\"text\"><span>By <a href=\"https:\/\/uncover.ces.uc.pt\/en\/author\/uncover_admin\/\" rel=\"author\">uncover_admin<\/a><\/span><span> In<\/span> <a class=\"numeros-tematicos\" href=\"https:\/\/uncover.ces.uc.pt\/en\/category\/numeros-tematicos\/\"><span class=\"numeros-tematicos\">Special Issues<\/span><\/a><\/div><\/div><h2 class=\"large-featured-post-title post-ref-1\">          <a href=\" https:\/\/uncover.ces.uc.pt\/en\/2025\/11\/17\/aesthetic-interventions-to-gender-based-violence-and-sexual-violence\/\" class=\"full-slide-link\"> Aesthetic Interventions to Gender-Based Violence and Sexual Violence <\/a>\n          <\/h2>\n                    <a class=\"nectar-button large regular accent-color regular-button has-icon\" data-arrow-style=\"default\" href=\"https:\/\/uncover.ces.uc.pt\/en\/2025\/11\/17\/aesthetic-interventions-to-gender-based-violence-and-sexual-violence\/\" data-color-override=\"false\" data-hover-color-override=\"false\" data-hover-text-color-override=\"#fff\" >\n            <span>Read Article<\/span>\n            <i class=\"icon-button-arrow\"><\/i>          <\/a>\n\n\n\n          <\/div><!--\/inner-wrap-->\n\n        <\/div><!--\/recent-post-container-->\n\n      <\/div><!--\/nectar-recent-post-slide-->\n\n    \n  <\/div>\n\t\t\t<\/div> \n\t\t<\/div>\n\t<\/div> \n<\/div><\/div>","protected":false},"excerpt":{"rendered":"Foi publicado o special issue Aesthetic Interventions to Gender-Based Violence and Sexual Violence da European Journal of Women's Studies. Coeditado por J\u00falia Garraio (co-PI do projeto UnCoveR) e H\u00fclya Adak...","protected":false},"author":2,"featured_media":0,"parent":0,"menu_order":0,"comment_status":"closed","ping_status":"closed","template":"","meta":{"footnotes":""},"class_list":["post-5938","page","type-page","status-publish"],"_links":{"self":[{"href":"https:\/\/uncover.ces.uc.pt\/en\/wp-json\/wp\/v2\/pages\/5938","targetHints":{"allow":["GET"]}}],"collection":[{"href":"https:\/\/uncover.ces.uc.pt\/en\/wp-json\/wp\/v2\/pages"}],"about":[{"href":"https:\/\/uncover.ces.uc.pt\/en\/wp-json\/wp\/v2\/types\/page"}],"author":[{"embeddable":true,"href":"https:\/\/uncover.ces.uc.pt\/en\/wp-json\/wp\/v2\/users\/2"}],"replies":[{"embeddable":true,"href":"https:\/\/uncover.ces.uc.pt\/en\/wp-json\/wp\/v2\/comments?post=5938"}],"version-history":[{"count":39,"href":"https:\/\/uncover.ces.uc.pt\/en\/wp-json\/wp\/v2\/pages\/5938\/revisions"}],"predecessor-version":[{"id":6926,"href":"https:\/\/uncover.ces.uc.pt\/en\/wp-json\/wp\/v2\/pages\/5938\/revisions\/6926"}],"wp:attachment":[{"href":"https:\/\/uncover.ces.uc.pt\/en\/wp-json\/wp\/v2\/media?parent=5938"}],"curies":[{"name":"wp","href":"https:\/\/api.w.org\/{rel}","templated":true}]}}